{"id":13,"date":"2014-11-11T11:14:16","date_gmt":"2014-11-11T11:14:16","guid":{"rendered":"http:\/\/anpsthemes.com\/constructo\/?page_id=13"},"modified":"2019-11-21T10:23:44","modified_gmt":"2019-11-21T10:23:44","slug":"novosti","status":"publish","type":"page","link":"https:\/\/vitaflos.hr\/sk\/novosti\/","title":{"rendered":"Novice"},"content":{"rendered":"<p>[vc_row full_width=&#8220;stretch_row_content_no_spaces&#8220;][vc_column][vc_single_image image=&#8220;1527&#8243; img_size=&#8220;full&#8220; alignment=&#8220;center&#8220; css=&#8220;.vc_custom_1486022485983{margin-top: -50px !important;}&#8220;][\/vc_column][\/vc_row][vc_row css=&#8220;.vc_custom_1485176864326{padding-top: 50px !important;padding-bottom: 40px !important;}&#8220;][vc_column width=&#8220;1\/4&#8243;][\/vc_column][vc_column width=&#8220;3\/4&#8243;][vc_column_text]<\/p>\n<h1 style=\"text-align: center;\">Novice<\/h1>\n<p>[\/vc_column_text][\/vc_column][\/vc_row][vc_row css=&#8220;.vc_custom_1485176878438{padding-bottom: 30px !important;}&#8220;][vc_column][vc_basic_grid post_type=&#8220;post&#8220; max_items=&#8220;-1&#8243; style=&#8220;lazy&#8220; items_per_page=&#8220;9&#8243; grid_id=&#8220;vc_gid:1574329365541-6ca15ca6-332c-9&#8243;][\/vc_column][\/vc_row]<\/p>","protected":false},"excerpt":{"rendered":"<p>[vc_row full_width=&#8220;stretch_row_content_no_spaces&#8220;][vc_column][vc_single_image image=&#8220;1527&#8243; img_size=&#8220;full&#8220; alignment=&#8220;center&#8220; css=&#8220;.vc_custom_1486022485983{margin-top: -50px !important;}&#8220;][\/vc_column][\/vc_row][vc_row css=&#8220;.vc_custom_1485176864326{padding-top: 50px !important;padding-bottom: 40px !important;}&#8220;][vc_column width=&#8220;1\/4&#8243;][\/vc_column][vc_column width=&#8220;3\/4&#8243;][vc_column_text] Novice [\/vc_column_text][\/vc_column][\/vc_row][vc_row css=&#8220;.vc_custom_1485176878438{padding-bottom: 30px !important;}&#8220;][vc_column][vc_basic_grid post_type=&#8220;post&#8220; max_items=&#8220;-1&#8243; style=&#8220;lazy&#8220; items_per_page=&#8220;9&#8243; grid_id=&#8220;vc_gid:1574329365541-6ca15ca6-332c-9&#8243;][\/vc_column][\/vc_row]<\/p>\n","protected":false},"author":2,"featured_media":0,"parent":0,"menu_order":0,"comment_status":"closed","ping_status":"closed","template":"","meta":[],"yoast_head":"<!-- This site is optimized with the Yoast SEO plugin v21.6 - https:\/\/yoast.com\/wordpress\/plugins\/seo\/ -->\n<title>Novice - Vita flos<\/title>\n<meta name=\"robots\" content=\"index, follow, max-snippet:-1, max-image-preview:large, max-video-preview:-1\" \/>\n<link rel=\"canonical\" href=\"https:\/\/vitaflos.hr\/en\/novosti\/\" \/>\n<meta property=\"og:locale\" content=\"sk_SK\" \/>\n<meta property=\"og:type\" content=\"article\" \/>\n<meta property=\"og:title\" content=\"[:hr]Novosti[:en]News[:sk]Novice[:it]News[:] - Vita flos\" \/>\n<meta property=\"og:description\" content=\"[vc_row full_width=&#8220;stretch_row_content_no_spaces&#8220;][vc_column][vc_single_image image=&#8220;1527&#8243; img_size=&#8220;full&#8220; alignment=&#8220;center&#8220; css=&#8220;.vc_custom_1486022485983{margin-top: -50px !important;}&#8220;][\/vc_column][\/vc_row][vc_row css=&#8220;.vc_custom_1485176864326{padding-top: 50px !important;padding-bottom: 40px !important;}&#8220;][vc_column width=&#8220;1\/4&#8243;][\/vc_column][vc_column width=&#8220;3\/4&#8243;][vc_column_text] Novice [\/vc_column_text][\/vc_column][\/vc_row][vc_row css=&#8220;.vc_custom_1485176878438{padding-bottom: 30px !important;}&#8220;][vc_column][vc_basic_grid post_type=&#8220;post&#8220; max_items=&#8220;-1&#8243; style=&#8220;lazy&#8220; items_per_page=&#8220;9&#8243; grid_id=&#8220;vc_gid:1574329365541-6ca15ca6-332c-9&#8243;][\/vc_column][\/vc_row]\" \/>\n<meta property=\"og:url\" content=\"https:\/\/vitaflos.hr\/en\/novosti\/\" \/>\n<meta property=\"og:site_name\" content=\"Vita flos\" \/>\n<meta property=\"article:modified_time\" content=\"2019-11-21T10:23:44+00:00\" \/>\n<meta name=\"twitter:card\" content=\"summary_large_image\" \/>\n<meta name=\"twitter:label1\" content=\"Predpokladan\u00fd \u010das \u010d\u00edtania\" \/>\n\t<meta name=\"twitter:data1\" content=\"2 min\u00faty\" \/>\n<script type=\"application\/ld+json\" class=\"yoast-schema-graph\">{\"@context\":\"https:\/\/schema.org\",\"@graph\":[{\"@type\":\"WebPage\",\"@id\":\"https:\/\/vitaflos.hr\/en\/novosti\/\",\"url\":\"https:\/\/vitaflos.hr\/en\/novosti\/\",\"name\":\"[:hr]Novosti[:en]News[:sk]Novice[:it]News[:] - Vita flos\",\"isPartOf\":{\"@id\":\"http:\/\/vitaflos.hr\/sk\/#website\"},\"datePublished\":\"2014-11-11T11:14:16+00:00\",\"dateModified\":\"2019-11-21T10:23:44+00:00\",\"breadcrumb\":{\"@id\":\"https:\/\/vitaflos.hr\/en\/novosti\/#breadcrumb\"},\"inLanguage\":\"sk-SK\",\"potentialAction\":[{\"@type\":\"ReadAction\",\"target\":[\"https:\/\/vitaflos.hr\/en\/novosti\/\"]}]},{\"@type\":\"BreadcrumbList\",\"@id\":\"https:\/\/vitaflos.hr\/en\/novosti\/#breadcrumb\",\"itemListElement\":[{\"@type\":\"ListItem\",\"position\":1,\"name\":\"Po\u010detna stranica\",\"item\":\"http:\/\/vitaflos.hr\/sk\/\"},{\"@type\":\"ListItem\",\"position\":2,\"name\":\"News\"}]},{\"@type\":\"WebSite\",\"@id\":\"http:\/\/vitaflos.hr\/sk\/#website\",\"url\":\"http:\/\/vitaflos.hr\/sk\/\",\"name\":\"Vita flos\",\"description\":\"Uvoz i veleprodaja cvije\u0107a\",\"potentialAction\":[{\"@type\":\"SearchAction\",\"target\":{\"@type\":\"EntryPoint\",\"urlTemplate\":\"http:\/\/vitaflos.hr\/sk\/?s={search_term_string}\"},\"query-input\":\"required name=search_term_string\"}],\"inLanguage\":\"sk-SK\"}]}<\/script>\n<!-- \/ Yoast SEO plugin. -->","yoast_head_json":{"title":"[:hr]Novosti[:en]News[:sk]Novice[:it]News[:] - Vita flos","robots":{"index":"index","follow":"follow","max-snippet":"max-snippet:-1","max-image-preview":"max-image-preview:large","max-video-preview":"max-video-preview:-1"},"canonical":"https:\/\/vitaflos.hr\/en\/novosti\/","og_locale":"sk_SK","og_type":"article","og_title":"[:hr]Novosti[:en]News[:sk]Novice[:it]News[:] - Vita flos","og_description":"[vc_row full_width=&#8220;stretch_row_content_no_spaces&#8220;][vc_column][vc_single_image image=&#8220;1527&#8243; img_size=&#8220;full&#8220; alignment=&#8220;center&#8220; css=&#8220;.vc_custom_1486022485983{margin-top: -50px !important;}&#8220;][\/vc_column][\/vc_row][vc_row css=&#8220;.vc_custom_1485176864326{padding-top: 50px !important;padding-bottom: 40px !important;}&#8220;][vc_column width=&#8220;1\/4&#8243;][\/vc_column][vc_column width=&#8220;3\/4&#8243;][vc_column_text] Novice [\/vc_column_text][\/vc_column][\/vc_row][vc_row css=&#8220;.vc_custom_1485176878438{padding-bottom: 30px !important;}&#8220;][vc_column][vc_basic_grid post_type=&#8220;post&#8220; max_items=&#8220;-1&#8243; style=&#8220;lazy&#8220; items_per_page=&#8220;9&#8243; grid_id=&#8220;vc_gid:1574329365541-6ca15ca6-332c-9&#8243;][\/vc_column][\/vc_row]","og_url":"https:\/\/vitaflos.hr\/en\/novosti\/","og_site_name":"Vita flos","article_modified_time":"2019-11-21T10:23:44+00:00","twitter_card":"summary_large_image","twitter_misc":{"Predpokladan\u00fd \u010das \u010d\u00edtania":"2 min\u00faty"},"schema":{"@context":"https:\/\/schema.org","@graph":[{"@type":"WebPage","@id":"https:\/\/vitaflos.hr\/en\/novosti\/","url":"https:\/\/vitaflos.hr\/en\/novosti\/","name":"[:hr]Novosti[:en]News[:sk]Novice[:it]News[:] - Vita flos","isPartOf":{"@id":"http:\/\/vitaflos.hr\/sk\/#website"},"datePublished":"2014-11-11T11:14:16+00:00","dateModified":"2019-11-21T10:23:44+00:00","breadcrumb":{"@id":"https:\/\/vitaflos.hr\/en\/novosti\/#breadcrumb"},"inLanguage":"sk-SK","potentialAction":[{"@type":"ReadAction","target":["https:\/\/vitaflos.hr\/en\/novosti\/"]}]},{"@type":"BreadcrumbList","@id":"https:\/\/vitaflos.hr\/en\/novosti\/#breadcrumb","itemListElement":[{"@type":"ListItem","position":1,"name":"Po\u010detna stranica","item":"http:\/\/vitaflos.hr\/sk\/"},{"@type":"ListItem","position":2,"name":"News"}]},{"@type":"WebSite","@id":"http:\/\/vitaflos.hr\/sk\/#website","url":"http:\/\/vitaflos.hr\/sk\/","name":"Vita flos","description":"Uvoz i veleprodaja cvije\u0107a","potentialAction":[{"@type":"SearchAction","target":{"@type":"EntryPoint","urlTemplate":"http:\/\/vitaflos.hr\/sk\/?s={search_term_string}"},"query-input":"required name=search_term_string"}],"inLanguage":"sk-SK"}]}},"_links":{"self":[{"href":"https:\/\/vitaflos.hr\/sk\/wp-json\/wp\/v2\/pages\/13"}],"collection":[{"href":"https:\/\/vitaflos.hr\/sk\/wp-json\/wp\/v2\/pages"}],"about":[{"href":"https:\/\/vitaflos.hr\/sk\/wp-json\/wp\/v2\/types\/page"}],"author":[{"embeddable":true,"href":"https:\/\/vitaflos.hr\/sk\/wp-json\/wp\/v2\/users\/2"}],"replies":[{"embeddable":true,"href":"https:\/\/vitaflos.hr\/sk\/wp-json\/wp\/v2\/comments?post=13"}],"version-history":[{"count":5,"href":"https:\/\/vitaflos.hr\/sk\/wp-json\/wp\/v2\/pages\/13\/revisions"}],"predecessor-version":[{"id":2287,"href":"https:\/\/vitaflos.hr\/sk\/wp-json\/wp\/v2\/pages\/13\/revisions\/2287"}],"wp:attachment":[{"href":"https:\/\/vitaflos.hr\/sk\/wp-json\/wp\/v2\/media?parent=13"}],"curies":[{"name":"wp","href":"https:\/\/api.w.org\/{rel}","templated":true}]}}