{"id":1212,"date":"2017-01-13T11:20:32","date_gmt":"2017-01-13T11:20:32","guid":{"rendered":"http:\/\/vitaflos.hr\/?page_id=1212"},"modified":"2019-03-07T11:42:31","modified_gmt":"2019-03-07T11:42:31","slug":"distribucija","status":"publish","type":"page","link":"https:\/\/vitaflos.hr\/sk\/distribucija\/","title":{"rendered":"Distribucija"},"content":{"rendered":"<p>[vc_row full_width=&#8220;stretch_row_content_no_spaces&#8220; css=&#8220;.vc_custom_1484140598009{margin-top: -50px !important;}&#8220;][vc_column][vc_single_image image=&#8220;1177&#8243; img_size=&#8220;full&#8220; alignment=&#8220;center&#8220;][\/vc_column][\/vc_row][vc_row css=&#8220;.vc_custom_1485168378348{padding-top: 50px !important;padding-bottom: 20px !important;}&#8220;][vc_column width=&#8220;1\/6&#8243;][\/vc_column][vc_column width=&#8220;2\/3&#8243;][vc_column_text]<\/p>\n<h1 style=\"text-align: center; font-size: 50px;\">Distribucija<\/h1>\n<p>[\/vc_column_text][vc_column_text css_animation=&#8220;bottom-to-top&#8220; css=&#8220;.vc_custom_1551958807840{padding-top: 30px !important;padding-bottom: 50px !important;}&#8220;]<\/p>\n<p style=\"text-align: center; font-size: 20px;\">Ve\u010dletno aktivno sodelovanje z veliko skupino dobaviteljev in distributerjev cvetja, nam je omogo\u010dilo prilagoditev ponudbe dejanskim potrebam na\u0161ih kupcev. Na\u0161i prodajni predstavniki vas bodo nekajkrat tedensko obiskali na va\u0161em prodajnem mestu, da boste lahko sami izbrali \u017eelene proizvode iz dostavnih vozil. Raznovrstnim zahtevam na\u0161ih kupcev pristopamo strokovno in odgovorno.<\/p>\n<p>[\/vc_column_text][\/vc_column][vc_column width=&#8220;1\/6&#8243;][\/vc_column][\/vc_row][vc_row][vc_column width=&#8220;1\/3&#8243; offset=&#8220;vc_hidden-xs&#8220;][vc_single_image image=&#8220;1466&#8243; img_size=&#8220;full&#8220; css_animation=&#8220;left-to-right&#8220; css=&#8220;.vc_custom_1485940465685{margin-right: -15px !important;}&#8220;][\/vc_column][vc_column width=&#8220;1\/3&#8243;][vc_single_image image=&#8220;1464&#8243; img_size=&#8220;full&#8220; alignment=&#8220;center&#8220; css_animation=&#8220;top-to-bottom&#8220; css=&#8220;.vc_custom_1486539607148{margin-right: -8px !important;margin-left: -8px !important;}&#8220;][\/vc_column][vc_column width=&#8220;1\/3&#8243; offset=&#8220;vc_hidden-xs&#8220;][vc_single_image image=&#8220;1465&#8243; img_size=&#8220;full&#8220; alignment=&#8220;center&#8220; css_animation=&#8220;right-to-left&#8220; css=&#8220;.vc_custom_1485940487148{margin-left: -15px !important;}&#8220;][\/vc_column][\/vc_row][vc_row][vc_column][vc_empty_space height=&#8220;80px&#8220;][\/vc_column][\/vc_row][vc_row full_width=&#8220;stretch_row&#8220; css=&#8220;.vc_custom_1485850286519{padding-top: 30px !important;padding-bottom: 60px !important;background-color: #f2f2f2 !important;}&#8220;][vc_column css_animation=&#8220;left-to-right&#8220; width=&#8220;1\/2&#8243; css=&#8220;.vc_custom_1486539482401{margin-top: -15px !important;}&#8220;][vc_column_text]<\/p>\n<h1 style=\"font-size: 27px; text-align: left;\">SEZNANITE SE S POSTOPKOM NABAVE IN CELOTNIM POSTOPKOM NARO\u010cANJA PRED DOBAVO<\/h1>\n<p>[\/vc_column_text][vc_empty_space][vc_column_text]<\/p>\n<p style=\"font-size: 19px;\">Spo\u0161tovani partnerji, kupujte sami z enostavnim naro\u010danjem preko interneta s pomo\u010djo Web shopa. Neposreden nakup je ena od mo\u017enosti, ki vam jo nudi Vita Flos. Da bi vam olaj\u0161ali nakup \u017eelenih proizvodov, je pomembno pravo\u010dasno oddati naro\u010dilo. \u010ce \u017eelite dobavo naro\u010dila v torek ali sredo vas prosimo, da naro\u010dilo oddate do ponedeljka.<\/p>\n<p style=\"font-size: 19px;\"><span style=\"color: #121212;\"><em>Priporo\u010damo vam, da planirate naro\u010dila v za\u010detku tedna (ponedeljek), ker je tedaj najve\u010dji izbor na borzah. Z na\u0161o pomo\u010djo in logistiko vzemite stvar v svoje roke in planirajte nakupe v teko\u010dem tednu.<\/em><\/span><\/p>\n<p>[\/vc_column_text][\/vc_column][vc_column css_animation=&#8220;right-to-left&#8220; width=&#8220;1\/2&#8243;][rev_slider_vc alias=&#8220;video1&#8243;][\/vc_column][\/vc_row]<\/p>","protected":false},"excerpt":{"rendered":"<p>[vc_row full_width=&#8220;stretch_row_content_no_spaces&#8220; css=&#8220;.vc_custom_1484140598009{margin-top: -50px !important;}&#8220;][vc_column][vc_single_image image=&#8220;1177&#8243; img_size=&#8220;full&#8220; alignment=&#8220;center&#8220;][\/vc_column][\/vc_row][vc_row css=&#8220;.vc_custom_1485168378348{padding-top: 50px !important;padding-bottom: 20px !important;}&#8220;][vc_column width=&#8220;1\/6&#8243;][\/vc_column][vc_column width=&#8220;2\/3&#8243;][vc_column_text] Distribucija [\/vc_column_text][vc_column_text css_animation=&#8220;bottom-to-top&#8220; css=&#8220;.vc_custom_1551958807840{padding-top: 30px !important;padding-bottom: 50px !important;}&#8220;] Ve\u010dletno aktivno sodelovanje z veliko skupino dobaviteljev in distributerjev cvetja, nam je omogo\u010dilo prilagoditev ponudbe dejanskim potrebam&#8230;<\/p>\n","protected":false},"author":1,"featured_media":0,"parent":0,"menu_order":0,"comment_status":"closed","ping_status":"closed","template":"","meta":[],"yoast_head":"<!-- This site is optimized with the Yoast SEO plugin v21.6 - https:\/\/yoast.com\/wordpress\/plugins\/seo\/ -->\n<title>Distribucija - Vita flos<\/title>\n<meta name=\"robots\" content=\"index, follow, max-snippet:-1, max-image-preview:large, max-video-preview:-1\" \/>\n<link rel=\"canonical\" href=\"http:\/\/vitaflos.hr\/distribucija\/\" \/>\n<meta property=\"og:locale\" content=\"sk_SK\" \/>\n<meta property=\"og:type\" content=\"article\" \/>\n<meta property=\"og:title\" content=\"[:hr]Distribucija[:en]Distribution[:sk]Distribucija[:it]Diztribuzione[:] - Vita flos\" \/>\n<meta property=\"og:description\" content=\"[vc_row full_width=&#8220;stretch_row_content_no_spaces&#8220; css=&#8220;.vc_custom_1484140598009{margin-top: -50px !important;}&#8220;][vc_column][vc_single_image image=&#8220;1177&#8243; img_size=&#8220;full&#8220; alignment=&#8220;center&#8220;][\/vc_column][\/vc_row][vc_row css=&#8220;.vc_custom_1485168378348{padding-top: 50px !important;padding-bottom: 20px !important;}&#8220;][vc_column width=&#8220;1\/6&#8243;][\/vc_column][vc_column width=&#8220;2\/3&#8243;][vc_column_text] Distribucija [\/vc_column_text][vc_column_text css_animation=&#8220;bottom-to-top&#8220; css=&#8220;.vc_custom_1551958807840{padding-top: 30px !important;padding-bottom: 50px !important;}&#8220;] Ve\u010dletno aktivno sodelovanje z veliko skupino dobaviteljev in distributerjev cvetja, nam je omogo\u010dilo prilagoditev ponudbe dejanskim potrebam...\" \/>\n<meta property=\"og:url\" content=\"http:\/\/vitaflos.hr\/distribucija\/\" \/>\n<meta property=\"og:site_name\" content=\"Vita flos\" \/>\n<meta property=\"article:modified_time\" content=\"2019-03-07T11:42:31+00:00\" \/>\n<meta name=\"twitter:card\" content=\"summary_large_image\" \/>\n<meta name=\"twitter:label1\" content=\"Predpokladan\u00fd \u010das \u010d\u00edtania\" \/>\n\t<meta name=\"twitter:data1\" content=\"9 min\u00fat\" \/>\n<script type=\"application\/ld+json\" class=\"yoast-schema-graph\">{\"@context\":\"https:\/\/schema.org\",\"@graph\":[{\"@type\":\"WebPage\",\"@id\":\"http:\/\/vitaflos.hr\/distribucija\/\",\"url\":\"http:\/\/vitaflos.hr\/distribucija\/\",\"name\":\"[:hr]Distribucija[:en]Distribution[:sk]Distribucija[:it]Diztribuzione[:] - Vita flos\",\"isPartOf\":{\"@id\":\"http:\/\/vitaflos.hr\/sk\/#website\"},\"datePublished\":\"2017-01-13T11:20:32+00:00\",\"dateModified\":\"2019-03-07T11:42:31+00:00\",\"breadcrumb\":{\"@id\":\"http:\/\/vitaflos.hr\/distribucija\/#breadcrumb\"},\"inLanguage\":\"sk-SK\",\"potentialAction\":[{\"@type\":\"ReadAction\",\"target\":[\"http:\/\/vitaflos.hr\/distribucija\/\"]}]},{\"@type\":\"BreadcrumbList\",\"@id\":\"http:\/\/vitaflos.hr\/distribucija\/#breadcrumb\",\"itemListElement\":[{\"@type\":\"ListItem\",\"position\":1,\"name\":\"Po\u010detna stranica\",\"item\":\"http:\/\/vitaflos.hr\/sk\/\"},{\"@type\":\"ListItem\",\"position\":2,\"name\":\"Distribucija\"}]},{\"@type\":\"WebSite\",\"@id\":\"http:\/\/vitaflos.hr\/sk\/#website\",\"url\":\"http:\/\/vitaflos.hr\/sk\/\",\"name\":\"Vita flos\",\"description\":\"Uvoz i veleprodaja cvije\u0107a\",\"potentialAction\":[{\"@type\":\"SearchAction\",\"target\":{\"@type\":\"EntryPoint\",\"urlTemplate\":\"http:\/\/vitaflos.hr\/sk\/?s={search_term_string}\"},\"query-input\":\"required name=search_term_string\"}],\"inLanguage\":\"sk-SK\"}]}<\/script>\n<!-- \/ Yoast SEO plugin. -->","yoast_head_json":{"title":"[:hr]Distribucija[:en]Distribution[:sk]Distribucija[:it]Diztribuzione[:] - Vita flos","robots":{"index":"index","follow":"follow","max-snippet":"max-snippet:-1","max-image-preview":"max-image-preview:large","max-video-preview":"max-video-preview:-1"},"canonical":"http:\/\/vitaflos.hr\/distribucija\/","og_locale":"sk_SK","og_type":"article","og_title":"[:hr]Distribucija[:en]Distribution[:sk]Distribucija[:it]Diztribuzione[:] - Vita flos","og_description":"[vc_row full_width=&#8220;stretch_row_content_no_spaces&#8220; css=&#8220;.vc_custom_1484140598009{margin-top: -50px !important;}&#8220;][vc_column][vc_single_image image=&#8220;1177&#8243; img_size=&#8220;full&#8220; alignment=&#8220;center&#8220;][\/vc_column][\/vc_row][vc_row css=&#8220;.vc_custom_1485168378348{padding-top: 50px !important;padding-bottom: 20px !important;}&#8220;][vc_column width=&#8220;1\/6&#8243;][\/vc_column][vc_column width=&#8220;2\/3&#8243;][vc_column_text] Distribucija [\/vc_column_text][vc_column_text css_animation=&#8220;bottom-to-top&#8220; css=&#8220;.vc_custom_1551958807840{padding-top: 30px !important;padding-bottom: 50px !important;}&#8220;] Ve\u010dletno aktivno sodelovanje z veliko skupino dobaviteljev in distributerjev cvetja, nam je omogo\u010dilo prilagoditev ponudbe dejanskim potrebam...","og_url":"http:\/\/vitaflos.hr\/distribucija\/","og_site_name":"Vita flos","article_modified_time":"2019-03-07T11:42:31+00:00","twitter_card":"summary_large_image","twitter_misc":{"Predpokladan\u00fd \u010das \u010d\u00edtania":"9 min\u00fat"},"schema":{"@context":"https:\/\/schema.org","@graph":[{"@type":"WebPage","@id":"http:\/\/vitaflos.hr\/distribucija\/","url":"http:\/\/vitaflos.hr\/distribucija\/","name":"[:hr]Distribucija[:en]Distribution[:sk]Distribucija[:it]Diztribuzione[:] - Vita flos","isPartOf":{"@id":"http:\/\/vitaflos.hr\/sk\/#website"},"datePublished":"2017-01-13T11:20:32+00:00","dateModified":"2019-03-07T11:42:31+00:00","breadcrumb":{"@id":"http:\/\/vitaflos.hr\/distribucija\/#breadcrumb"},"inLanguage":"sk-SK","potentialAction":[{"@type":"ReadAction","target":["http:\/\/vitaflos.hr\/distribucija\/"]}]},{"@type":"BreadcrumbList","@id":"http:\/\/vitaflos.hr\/distribucija\/#breadcrumb","itemListElement":[{"@type":"ListItem","position":1,"name":"Po\u010detna stranica","item":"http:\/\/vitaflos.hr\/sk\/"},{"@type":"ListItem","position":2,"name":"Distribucija"}]},{"@type":"WebSite","@id":"http:\/\/vitaflos.hr\/sk\/#website","url":"http:\/\/vitaflos.hr\/sk\/","name":"Vita flos","description":"Uvoz i veleprodaja cvije\u0107a","potentialAction":[{"@type":"SearchAction","target":{"@type":"EntryPoint","urlTemplate":"http:\/\/vitaflos.hr\/sk\/?s={search_term_string}"},"query-input":"required name=search_term_string"}],"inLanguage":"sk-SK"}]}},"_links":{"self":[{"href":"https:\/\/vitaflos.hr\/sk\/wp-json\/wp\/v2\/pages\/1212"}],"collection":[{"href":"https:\/\/vitaflos.hr\/sk\/wp-json\/wp\/v2\/pages"}],"about":[{"href":"https:\/\/vitaflos.hr\/sk\/wp-json\/wp\/v2\/types\/page"}],"author":[{"embeddable":true,"href":"https:\/\/vitaflos.hr\/sk\/wp-json\/wp\/v2\/users\/1"}],"replies":[{"embeddable":true,"href":"https:\/\/vitaflos.hr\/sk\/wp-json\/wp\/v2\/comments?post=1212"}],"version-history":[{"count":5,"href":"https:\/\/vitaflos.hr\/sk\/wp-json\/wp\/v2\/pages\/1212\/revisions"}],"predecessor-version":[{"id":2194,"href":"https:\/\/vitaflos.hr\/sk\/wp-json\/wp\/v2\/pages\/1212\/revisions\/2194"}],"wp:attachment":[{"href":"https:\/\/vitaflos.hr\/sk\/wp-json\/wp\/v2\/media?parent=1212"}],"curies":[{"name":"wp","href":"https:\/\/api.w.org\/{rel}","templated":true}]}}