{"id":1210,"date":"2017-01-13T11:17:02","date_gmt":"2017-01-13T11:17:02","guid":{"rendered":"http:\/\/vitaflos.hr\/?page_id=1210"},"modified":"2019-03-07T11:36:39","modified_gmt":"2019-03-07T11:36:39","slug":"o-nama","status":"publish","type":"page","link":"https:\/\/vitaflos.hr\/sk\/o-nama\/","title":{"rendered":"O nas"},"content":{"rendered":"<p>[vc_row full_width=&#8220;stretch_row_content_no_spaces&#8220; css=&#8220;.vc_custom_1484140598009{margin-top: -50px !important;}&#8220;][vc_column][vc_single_image image=&#8220;1724&#8243; img_size=&#8220;full&#8220; alignment=&#8220;center&#8220;][\/vc_column][\/vc_row][vc_row css=&#8220;.vc_custom_1551952966996{padding-top: 70px !important;padding-bottom: 20px !important;}&#8220;][vc_column width=&#8220;1\/6&#8243;][\/vc_column][vc_column width=&#8220;2\/3&#8243;][vc_column_text]<\/p>\n<h1 style=\"text-align: center; font-size: 50px;\">Vita Flos<\/h1>\n<p>[\/vc_column_text][vc_column_text css_animation=&#8220;none&#8220; css=&#8220;.vc_custom_1551958532671{padding-top: 30px !important;padding-bottom: 50px !important;}&#8220;]<\/p>\n<p style=\"text-align: center; font-size: 20px;\">je dru\u017eba z dolgoletnimi izku\u0161njami  v veleprodaji rezanega cvetja, lon\u010dnic in dekorativnega materiala. Zagotavljamo vam vrhunsko kvaliteto in \u0161irok o izbiro cvetja od priznanih dobaviteljev in gojiteljev iz Nizozemske in Ekvadorja. Cvetje je pridelano in skladi\u0161\u010deno po visokih standardih. Vam, na\u0161im cenjenim kupcem, \u017eelimo zagotoviti vsakodnevno celotno in sve\u017eo ponudbo neposredno z borze cvetja.<\/p>\n<p>[\/vc_column_text][\/vc_column][vc_column width=&#8220;1\/6&#8243;][\/vc_column][\/vc_row][vc_row][vc_column width=&#8220;1\/3&#8243; offset=&#8220;vc_hidden-xs&#8220;][vc_single_image image=&#8220;1423&#8243; img_size=&#8220;full&#8220; css_animation=&#8220;left-to-right&#8220; css=&#8220;.vc_custom_1485947251404{margin-right: -15px !important;}&#8220;][\/vc_column][vc_column width=&#8220;1\/3&#8243;][vc_single_image image=&#8220;1427&#8243; img_size=&#8220;full&#8220; alignment=&#8220;center&#8220; css_animation=&#8220;bottom-to-top&#8220; css=&#8220;.vc_custom_1485947261363{margin-right: -8px !important;margin-left: -8px !important;}&#8220;][\/vc_column][vc_column width=&#8220;1\/3&#8243; offset=&#8220;vc_hidden-xs&#8220;][vc_single_image image=&#8220;1553&#8243; img_size=&#8220;full&#8220; alignment=&#8220;center&#8220; css_animation=&#8220;right-to-left&#8220; css=&#8220;.vc_custom_1486032684196{margin-left: -15px !important;}&#8220;][\/vc_column][\/vc_row][vc_row][vc_column][vc_empty_space height=&#8220;80px&#8220;][\/vc_column][\/vc_row]<\/p>","protected":false},"excerpt":{"rendered":"<p>[vc_row full_width=&#8220;stretch_row_content_no_spaces&#8220; css=&#8220;.vc_custom_1484140598009{margin-top: -50px !important;}&#8220;][vc_column][vc_single_image image=&#8220;1724&#8243; img_size=&#8220;full&#8220; alignment=&#8220;center&#8220;][\/vc_column][\/vc_row][vc_row css=&#8220;.vc_custom_1551952966996{padding-top: 70px !important;padding-bottom: 20px !important;}&#8220;][vc_column width=&#8220;1\/6&#8243;][\/vc_column][vc_column width=&#8220;2\/3&#8243;][vc_column_text] Vita Flos [\/vc_column_text][vc_column_text css_animation=&#8220;none&#8220; css=&#8220;.vc_custom_1551958532671{padding-top: 30px !important;padding-bottom: 50px !important;}&#8220;] je dru\u017eba z dolgoletnimi izku\u0161njami v veleprodaji rezanega cvetja, lon\u010dnic in dekorativnega materiala. Zagotavljamo vam vrhunsko&#8230;<\/p>\n","protected":false},"author":1,"featured_media":0,"parent":0,"menu_order":0,"comment_status":"closed","ping_status":"closed","template":"","meta":[],"yoast_head":"<!-- This site is optimized with the Yoast SEO plugin v21.6 - https:\/\/yoast.com\/wordpress\/plugins\/seo\/ -->\n<title>O nas - Vita flos<\/title>\n<meta name=\"robots\" content=\"index, follow, max-snippet:-1, max-image-preview:large, max-video-preview:-1\" \/>\n<link rel=\"canonical\" href=\"http:\/\/vitaflos.hr\/o-nama\/\" \/>\n<meta property=\"og:locale\" content=\"sk_SK\" \/>\n<meta property=\"og:type\" content=\"article\" \/>\n<meta property=\"og:title\" content=\"[:hr]O nama[:en]About Us[:sk]O nas[:it]Chi siamo[:] - Vita flos\" \/>\n<meta property=\"og:description\" content=\"[vc_row full_width=&#8220;stretch_row_content_no_spaces&#8220; css=&#8220;.vc_custom_1484140598009{margin-top: -50px !important;}&#8220;][vc_column][vc_single_image image=&#8220;1724&#8243; img_size=&#8220;full&#8220; alignment=&#8220;center&#8220;][\/vc_column][\/vc_row][vc_row css=&#8220;.vc_custom_1551952966996{padding-top: 70px !important;padding-bottom: 20px !important;}&#8220;][vc_column width=&#8220;1\/6&#8243;][\/vc_column][vc_column width=&#8220;2\/3&#8243;][vc_column_text] Vita Flos [\/vc_column_text][vc_column_text css_animation=&#8220;none&#8220; css=&#8220;.vc_custom_1551958532671{padding-top: 30px !important;padding-bottom: 50px !important;}&#8220;] je dru\u017eba z dolgoletnimi izku\u0161njami v veleprodaji rezanega cvetja, lon\u010dnic in dekorativnega materiala. Zagotavljamo vam vrhunsko...\" \/>\n<meta property=\"og:url\" content=\"http:\/\/vitaflos.hr\/o-nama\/\" \/>\n<meta property=\"og:site_name\" content=\"Vita flos\" \/>\n<meta property=\"article:modified_time\" content=\"2019-03-07T11:36:39+00:00\" \/>\n<meta name=\"twitter:card\" content=\"summary_large_image\" \/>\n<meta name=\"twitter:label1\" content=\"Predpokladan\u00fd \u010das \u010d\u00edtania\" \/>\n\t<meta name=\"twitter:data1\" content=\"4 min\u00faty\" \/>\n<script type=\"application\/ld+json\" class=\"yoast-schema-graph\">{\"@context\":\"https:\/\/schema.org\",\"@graph\":[{\"@type\":\"WebPage\",\"@id\":\"http:\/\/vitaflos.hr\/o-nama\/\",\"url\":\"http:\/\/vitaflos.hr\/o-nama\/\",\"name\":\"[:hr]O nama[:en]About Us[:sk]O nas[:it]Chi siamo[:] - Vita flos\",\"isPartOf\":{\"@id\":\"http:\/\/vitaflos.hr\/sk\/#website\"},\"datePublished\":\"2017-01-13T11:17:02+00:00\",\"dateModified\":\"2019-03-07T11:36:39+00:00\",\"breadcrumb\":{\"@id\":\"http:\/\/vitaflos.hr\/o-nama\/#breadcrumb\"},\"inLanguage\":\"sk-SK\",\"potentialAction\":[{\"@type\":\"ReadAction\",\"target\":[\"http:\/\/vitaflos.hr\/o-nama\/\"]}]},{\"@type\":\"BreadcrumbList\",\"@id\":\"http:\/\/vitaflos.hr\/o-nama\/#breadcrumb\",\"itemListElement\":[{\"@type\":\"ListItem\",\"position\":1,\"name\":\"Po\u010detna stranica\",\"item\":\"http:\/\/vitaflos.hr\/sk\/\"},{\"@type\":\"ListItem\",\"position\":2,\"name\":\"O nama\"}]},{\"@type\":\"WebSite\",\"@id\":\"http:\/\/vitaflos.hr\/sk\/#website\",\"url\":\"http:\/\/vitaflos.hr\/sk\/\",\"name\":\"Vita flos\",\"description\":\"Uvoz i veleprodaja cvije\u0107a\",\"potentialAction\":[{\"@type\":\"SearchAction\",\"target\":{\"@type\":\"EntryPoint\",\"urlTemplate\":\"http:\/\/vitaflos.hr\/sk\/?s={search_term_string}\"},\"query-input\":\"required name=search_term_string\"}],\"inLanguage\":\"sk-SK\"}]}<\/script>\n<!-- \/ Yoast SEO plugin. -->","yoast_head_json":{"title":"[:hr]O nama[:en]About Us[:sk]O nas[:it]Chi siamo[:] - Vita flos","robots":{"index":"index","follow":"follow","max-snippet":"max-snippet:-1","max-image-preview":"max-image-preview:large","max-video-preview":"max-video-preview:-1"},"canonical":"http:\/\/vitaflos.hr\/o-nama\/","og_locale":"sk_SK","og_type":"article","og_title":"[:hr]O nama[:en]About Us[:sk]O nas[:it]Chi siamo[:] - Vita flos","og_description":"[vc_row full_width=&#8220;stretch_row_content_no_spaces&#8220; css=&#8220;.vc_custom_1484140598009{margin-top: -50px !important;}&#8220;][vc_column][vc_single_image image=&#8220;1724&#8243; img_size=&#8220;full&#8220; alignment=&#8220;center&#8220;][\/vc_column][\/vc_row][vc_row css=&#8220;.vc_custom_1551952966996{padding-top: 70px !important;padding-bottom: 20px !important;}&#8220;][vc_column width=&#8220;1\/6&#8243;][\/vc_column][vc_column width=&#8220;2\/3&#8243;][vc_column_text] Vita Flos [\/vc_column_text][vc_column_text css_animation=&#8220;none&#8220; css=&#8220;.vc_custom_1551958532671{padding-top: 30px !important;padding-bottom: 50px !important;}&#8220;] je dru\u017eba z dolgoletnimi izku\u0161njami v veleprodaji rezanega cvetja, lon\u010dnic in dekorativnega materiala. Zagotavljamo vam vrhunsko...","og_url":"http:\/\/vitaflos.hr\/o-nama\/","og_site_name":"Vita flos","article_modified_time":"2019-03-07T11:36:39+00:00","twitter_card":"summary_large_image","twitter_misc":{"Predpokladan\u00fd \u010das \u010d\u00edtania":"4 min\u00faty"},"schema":{"@context":"https:\/\/schema.org","@graph":[{"@type":"WebPage","@id":"http:\/\/vitaflos.hr\/o-nama\/","url":"http:\/\/vitaflos.hr\/o-nama\/","name":"[:hr]O nama[:en]About Us[:sk]O nas[:it]Chi siamo[:] - Vita flos","isPartOf":{"@id":"http:\/\/vitaflos.hr\/sk\/#website"},"datePublished":"2017-01-13T11:17:02+00:00","dateModified":"2019-03-07T11:36:39+00:00","breadcrumb":{"@id":"http:\/\/vitaflos.hr\/o-nama\/#breadcrumb"},"inLanguage":"sk-SK","potentialAction":[{"@type":"ReadAction","target":["http:\/\/vitaflos.hr\/o-nama\/"]}]},{"@type":"BreadcrumbList","@id":"http:\/\/vitaflos.hr\/o-nama\/#breadcrumb","itemListElement":[{"@type":"ListItem","position":1,"name":"Po\u010detna stranica","item":"http:\/\/vitaflos.hr\/sk\/"},{"@type":"ListItem","position":2,"name":"O nama"}]},{"@type":"WebSite","@id":"http:\/\/vitaflos.hr\/sk\/#website","url":"http:\/\/vitaflos.hr\/sk\/","name":"Vita flos","description":"Uvoz i veleprodaja cvije\u0107a","potentialAction":[{"@type":"SearchAction","target":{"@type":"EntryPoint","urlTemplate":"http:\/\/vitaflos.hr\/sk\/?s={search_term_string}"},"query-input":"required name=search_term_string"}],"inLanguage":"sk-SK"}]}},"_links":{"self":[{"href":"https:\/\/vitaflos.hr\/sk\/wp-json\/wp\/v2\/pages\/1210"}],"collection":[{"href":"https:\/\/vitaflos.hr\/sk\/wp-json\/wp\/v2\/pages"}],"about":[{"href":"https:\/\/vitaflos.hr\/sk\/wp-json\/wp\/v2\/types\/page"}],"author":[{"embeddable":true,"href":"https:\/\/vitaflos.hr\/sk\/wp-json\/wp\/v2\/users\/1"}],"replies":[{"embeddable":true,"href":"https:\/\/vitaflos.hr\/sk\/wp-json\/wp\/v2\/comments?post=1210"}],"version-history":[{"count":5,"href":"https:\/\/vitaflos.hr\/sk\/wp-json\/wp\/v2\/pages\/1210\/revisions"}],"predecessor-version":[{"id":2193,"href":"https:\/\/vitaflos.hr\/sk\/wp-json\/wp\/v2\/pages\/1210\/revisions\/2193"}],"wp:attachment":[{"href":"https:\/\/vitaflos.hr\/sk\/wp-json\/wp\/v2\/media?parent=1210"}],"curies":[{"name":"wp","href":"https:\/\/api.w.org\/{rel}","templated":true}]}}