{"id":692,"date":"2014-11-11T11:09:47","date_gmt":"2014-11-11T11:09:47","guid":{"rendered":"http:\/\/anpsthemes.com\/constructo\/?page_id=5"},"modified":"2019-11-21T09:40:13","modified_gmt":"2019-11-21T09:40:13","slug":"naslovna","status":"publish","type":"page","link":"https:\/\/vitaflos.hr\/it\/","title":{"rendered":"(Hrvatski) Naslovna"},"content":{"rendered":"<p>[vc_row has_content=&#8221;true&#8221; css=&#8221;.vc_custom_1442566995341{margin-top: -60px !important;margin-bottom: 0px !important;}&#8221;][vc_column][rev_slider_vc alias=&#8221;main-slider&#8221;][\/vc_column][\/vc_row][vc_row full_width=&#8221;stretch_row&#8221; css=&#8221;.vc_custom_1551109719744{padding-top: 60px !important;background-color: #f2f2f2 !important;}&#8221;][vc_column][vc_column_text css_animation=&#8221;none&#8221;]<\/p>\n<h1 style=\"text-align: center;\"><span style=\"color: #353535; font-weight: 300; font-size: 50px;\">I valori a cui ci ispiriamo&#8230;<\/span><\/h1>\n<p>[\/vc_column_text][vc_column_text css_animation=&#8221;bottom-to-top&#8221;]<img decoding=\"async\" loading=\"lazy\" class=\"alignnone size-full wp-image-1671 aligncenter\" src=\"http:\/\/vitaflos.hr\/wp-content\/uploads\/2014\/11\/vitaflos-line.png\" alt=\"vitaflos-line\" width=\"110\" height=\"42\" \/>[\/vc_column_text][\/vc_column][\/vc_row][vc_row full_width=&#8221;stretch_row&#8221; css=&#8221;.vc_custom_1486111577189{padding-top: 10px !important;padding-bottom: 100px !important;background-color: #f2f2f2 !important;}&#8221;][vc_column css_animation=&#8221;none&#8221; width=&#8221;1\/4&#8243; css=&#8221;.vc_custom_1486115563071{margin-right: 10px !important;padding-left: 10px !important;}&#8221;][vc_column_text css=&#8221;.vc_custom_1551955169141{padding-top: 40px !important;padding-bottom: 20px !important;padding-left: 30px !important;background-image: url(http:\/\/vitaflos.hr\/wp-content\/uploads\/2014\/11\/vitaflos2.1.jpg?id=1617) !important;}&#8221; el_class=&#8221;sjena4_1&#8243;]<\/p>\n<p style=\"font-size: 18px; text-align: left;\"><span style=\"color: #ffffff; font-weight: 600; font-size: 22px;\">RISPETTO<\/span><\/p>\n<p>[\/vc_column_text][vc_column_text css=&#8221;.vc_custom_1551955182091{padding-top: 20px !important;padding-right: 30px !important;padding-bottom: 30px !important;padding-left: 30px !important;background-color: #ffffff !important;}&#8221; el_class=&#8221;sjena4_2&#8243;]<\/p>\n<p style=\"font-size: 20px; text-align: left;\">Rispettiamo i nostri partner. Tutto il nostro tempo e impegno vengono investiti nelle relazioni con i nostri partner esistenti e nella ricerca di nuove partnership<\/p>\n<p>[\/vc_column_text][\/vc_column][vc_column css_animation=&#8221;none&#8221; width=&#8221;1\/4&#8243; css=&#8221;.vc_custom_1486115567687{margin-right: 10px !important;padding-left: 10px !important;}&#8221;][vc_column_text css=&#8221;.vc_custom_1551955190396{padding-top: 40px !important;padding-bottom: 20px !important;padding-left: 30px !important;background-image: url(http:\/\/vitaflos.hr\/wp-content\/uploads\/2014\/11\/hydrangea1.jpg?id=1596) !important;}&#8221; el_class=&#8221;sjena4_1&#8243;]<\/p>\n<p style=\"font-size: 18px; text-align: left;\"><span style=\"color: #ffffff; font-weight: 600; font-size: 22px;\">FIDUCIA<\/span><\/p>\n<p>[\/vc_column_text][vc_column_text css=&#8221;.vc_custom_1551955359732{padding-top: 20px !important;padding-right: 30px !important;padding-bottom: 30px !important;padding-left: 30px !important;background-color: #ffffff !important;}&#8221; el_class=&#8221;sjena4_2&#8243;]<\/p>\n<p style=\"font-size: 20px; text-align: left;\">Le relazioni con i nostri partner sono costruite sulla fiducia, conoscenza, persistenza e personalit\u00e0<\/p>\n<p>[\/vc_column_text][\/vc_column][vc_column css_animation=&#8221;none&#8221; width=&#8221;1\/4&#8243; css=&#8221;.vc_custom_1486115575714{margin-right: 10px !important;padding-left: 10px !important;}&#8221;][vc_column_text css=&#8221;.vc_custom_1551955208450{padding-top: 40px !important;padding-bottom: 20px !important;padding-left: 30px !important;background-image: url(http:\/\/vitaflos.hr\/wp-content\/uploads\/2014\/11\/uvoz-i-veleprodaja-cvijeca-vitaflos.jpg?id=1721) !important;}&#8221; el_class=&#8221;sjena4_1&#8243;]<\/p>\n<p style=\"font-size: 18px; text-align: left;\"><span style=\"color: #ffffff; font-weight: 600; font-size: 22px;\">INDIVIDUALIT\u00c0<\/span><\/p>\n<p>[\/vc_column_text][vc_column_text css=&#8221;.vc_custom_1551955219756{padding-top: 20px !important;padding-right: 30px !important;padding-bottom: 30px !important;padding-left: 30px !important;background-color: #ffffff !important;}&#8221; el_class=&#8221;sjena4_2&#8243;]<\/p>\n<p style=\"font-size: 20px; text-align: left;\">In quello che facciamo vogliamo essere i migliori, unici e originali, per poter soddisfare tutte le richieste dei nostri clienti<\/p>\n<p>[\/vc_column_text][\/vc_column][vc_column width=&#8221;1\/4&#8243; el_class=&#8221;sjena4&#8243;][vc_column_text css=&#8221;.vc_custom_1551955226599{padding-top: 40px !important;padding-bottom: 20px !important;padding-left: 30px !important;background-image: url(http:\/\/vitaflos.hr\/wp-content\/uploads\/2014\/11\/vitaflos-2.jpg?id=1609) !important;}&#8221; el_class=&#8221;sjena4_1&#8243;]<\/p>\n<p style=\"font-size: 18px; text-align: left;\"><span style=\"color: #ffffff; font-weight: 600; font-size: 22px;\">PROATTIVIT\u00c0<\/span><\/p>\n<p>[\/vc_column_text][vc_column_text css=&#8221;.vc_custom_1551955371184{padding-top: 20px !important;padding-right: 30px !important;padding-bottom: 30px !important;padding-left: 30px !important;background-color: #ffffff !important;}&#8221; el_class=&#8221;sjena4_2&#8243;]<\/p>\n<p style=\"font-size: 20px; text-align: left;\">Facciamo del nostro meglio per trasformare le idee in progresso e le attivit\u00e0 correnti in obiettivi proattivi<\/p>\n<p>[\/vc_column_text][\/vc_column][\/vc_row][vc_row full_width=&#8221;stretch_row_content_no_spaces&#8221; css=&#8221;.vc_custom_1486032418070{background-image: url(http:\/\/vitaflos.hr\/wp-content\/uploads\/2014\/11\/vita-flos-people-love-flowers.jpg?id=1550) !important;background-position: center !important;background-repeat: no-repeat !important;background-size: cover !important;}&#8221;][vc_column][vc_column_text css_animation=&#8221;fadeIn&#8221; css=&#8221;.vc_custom_1484305818323{padding-top: 85px !important;padding-bottom: 125px !important;}&#8221;]<\/p>\n<h1 style=\"text-align: center;\"><span style=\"color: #ffffff; text-shadow: 0px 0px 1px #242c0f; font-size: 46px;\"><em>&#8221;People love FLOWERS love people&#8221;<\/em><\/span><\/h1>\n<p>[\/vc_column_text][\/vc_column][\/vc_row][vc_row css_animation=&#8221;none&#8221; css=&#8221;.vc_custom_1551109690707{padding-top: 70px !important;padding-bottom: 70px !important;}&#8221;][vc_column css_animation=&#8221;left-to-right&#8221; width=&#8221;2\/3&#8243;][vc_single_image image=&#8221;1457&#8243; img_size=&#8221;full&#8221; alignment=&#8221;center&#8221; css_animation=&#8221;left-to-right&#8221;][vc_empty_space height=&#8221;60px&#8221;][\/vc_column][vc_column css_animation=&#8221;right-to-left&#8221; width=&#8221;1\/3&#8243; el_class=&#8221;spacing-md&#8221;][vc_column_text]<\/p>\n<h1><span style=\"color: #3b3b3b;\">NEGOZIO <strong>ONLINE<\/strong><\/span><\/h1>\n<p>[\/vc_column_text][vc_empty_space][vc_column_text]<\/p>\n<p style=\"font-size: 20px; text-align: left;\">Nel nostro Negozio online offriamo una vasta scelta di fiori e materiali decorativi importati dai centri di floricultura dei Paesi Bassi. Il nostro Negozio online \u00e8 letteralmente sempre a tua disposizione, sette giorni su sette, 24 ore su 24. Tutte le informazioni importanti riguardanti lo shopping sono lontane un solo click, per avere invece accesso diretto al Negozio online, contattaci personalmente.<\/p>\n<p>[\/vc_column_text][vc_empty_space]<a target=\"_self\" href=\"http:\/\/vitaflos.hr\/web-shop\/\" class=\"btn btn-md style-1\" id=\"custom-id-6\" style=\"\">NEGOZIO ONLINE<\/a><a target=\"_self\" href=\"http:\/\/vitaflos.hr\/kontakt\/\" class=\"btn btn-md style-3\" id=\"custom-id-7\" style=\"\">CONTATTO<\/a>[vc_empty_space][\/vc_column][\/vc_row][vc_row full_width=&#8221;stretch_row&#8221; css=&#8221;.vc_custom_1551109558045{padding-top: 70px !important;padding-bottom: 70px !important;background-color: #f2f2f2 !important;}&#8221;][vc_column css=&#8221;.vc_custom_1484226669009{margin-top: -50px !important;}&#8221;][vc_column_text css_animation=&#8221;bottom-to-top&#8221; css=&#8221;.vc_custom_1551955317091{padding-top: 20px !important;}&#8221;]<\/p>\n<h1 style=\"text-align: center;\"><span style=\"color: #353535; font-weight: 300;\">NEWS<br \/>\n<\/span><\/h1>\n<p>[\/vc_column_text][vc_column_text css_animation=&#8221;bottom-to-top&#8221; css=&#8221;.vc_custom_1486467887058{padding-bottom: 30px !important;}&#8221;]<img decoding=\"async\" loading=\"lazy\" class=\"alignnone size-full wp-image-1671 aligncenter\" src=\"http:\/\/vitaflos.hr\/wp-content\/uploads\/2014\/11\/vitaflos-line.png\" alt=\"vitaflos-line\" width=\"110\" height=\"42\" \/>[\/vc_column_text][vc_column_text css=&#8221;.vc_custom_1551955325016{margin-top: -10px !important;}&#8221;]<\/p>\n<p style=\"text-align: center; font-size: 21px;\"><em>Scopri tutto ci\u00f2 che c\u2019\u00e8 da sapere sui fiori e rimani aggiornato seguendo le nostre News<\/em><\/p>\n<p>[\/vc_column_text]<div class=\"recent-posts style-2 clearfix\"><article class='recentblog col-lg-4 col-md-6 col-sm-6 col-xs-12'><header><a class='post-hover' href='https:\/\/vitaflos.hr\/it\/trodnevna-profesionalna-radionica-s-hanneke-frankema-i-vincenzom-antonnucciom-opatija-wedding-workshop-17-19-1-2026\/'><div class='mask'><\/div><div class='item-info'><div><i class=\"fa fa-search\"><\/i> <span class=\"sr-only\">TRODNEVNA PROFESIONALNA RADIONICA s HANNEKE FRANKEMA i VINCENZOM ANTONNUCCIOM OPATIJA, WEDDING WORKSHOP 17.-19. 1. 2026.<\/span><\/div><\/div><\/a><div class='item-img'><img width=\"360\" height=\"267\" src=\"https:\/\/vitaflos.hr\/wp-content\/uploads\/2026\/01\/radionica-cvijece-rijeka-360x267.jpeg\" class=\"attachment-post-thumb size-post-thumb wp-post-image\" alt=\"radionica-cvijece-rijeka\" decoding=\"async\" loading=\"lazy\" \/><\/div><\/header><div class='titlemichelle'><a href='https:\/\/vitaflos.hr\/it\/trodnevna-profesionalna-radionica-s-hanneke-frankema-i-vincenzom-antonnucciom-opatija-wedding-workshop-17-19-1-2026\/'><h2>TRODNEVNA PROFESIONALNA RADIONICA s HANNEKE FRANKEMA i VINCENZOM ANTONNUCCIOM OPATIJA, WEDDING WORKSHOP 17.-19. 1. 2026.<\/h2><\/a><span>16.01.2026<\/span> \/ by <span>webpoint-vf<\/span> \/ <span>0 comments<\/span><\/div><div class='post-content'><p>It\u2019s this time of the year again \u2013 the air is simply filled with love. And what is a better way to say \u2018I love you\u2019 than with carefully selected flowers? We would like to suggest classic Roses and the flowers of the month \u2013 Chrysanthemums! <\/p>\n<\/div><\/article><article class='recentblog col-lg-4 col-md-6 col-sm-6 col-xs-12'><header><a class='post-hover' href='https:\/\/vitaflos.hr\/it\/3-floral-week-opatija-2025\/'><div class='mask'><\/div><div class='item-info'><div><i class=\"fa fa-search\"><\/i> <span class=\"sr-only\">3. FLORAL WEEK OPATIJA 2025.<\/span><\/div><\/div><\/a><div class='item-img'><img width=\"360\" height=\"267\" src=\"https:\/\/vitaflos.hr\/wp-content\/uploads\/2025\/03\/floral-week-opatija-cvjecarstvo-360x267.jpg\" class=\"attachment-post-thumb size-post-thumb wp-post-image\" alt=\"floral-week-opatija-cvjecarstvo\" decoding=\"async\" loading=\"lazy\" \/><\/div><\/header><div class='titlemichelle'><a href='https:\/\/vitaflos.hr\/it\/3-floral-week-opatija-2025\/'><h2>3. FLORAL WEEK OPATIJA 2025.<\/h2><\/a><span>7.03.2025<\/span> \/ by <span>webpoint-vf<\/span> \/ <span>0 comments<\/span><\/div><div class='post-content'><p>It\u2019s this time of the year again \u2013 the air is simply filled with love. And what is a better way to say \u2018I love you\u2019 than with carefully selected flowers? We would like to suggest classic Roses and the flowers of the month \u2013 Chrysanthemums! <\/p>\n<\/div><\/article><article class='recentblog col-lg-4 col-md-6 col-sm-6 col-xs-12'><header><a class='post-hover' href='https:\/\/vitaflos.hr\/it\/strucna-radionica-slobodni-strucak-u-opatiji\/'><div class='mask'><\/div><div class='item-info'><div><i class=\"fa fa-search\"><\/i> <span class=\"sr-only\">Workshop professionale &#8220;Bouquet libero&#8221; a Opatija<\/span><\/div><\/div><\/a><div class='item-img'><img width=\"360\" height=\"267\" src=\"https:\/\/vitaflos.hr\/wp-content\/uploads\/2025\/01\/Strucna-radionica-slobodni-strucak-cvjecarstvo-360x267.jpg\" class=\"attachment-post-thumb size-post-thumb wp-post-image\" alt=\"Strucna-radionica-slobodni-strucak-cvjecarstvo\" decoding=\"async\" loading=\"lazy\" \/><\/div><\/header><div class='titlemichelle'><a href='https:\/\/vitaflos.hr\/it\/strucna-radionica-slobodni-strucak-u-opatiji\/'><h2>Workshop professionale &#8220;Bouquet libero&#8221; a Opatija<\/h2><\/a><span>14.01.2025<\/span> \/ by <span>webpoint-vf<\/span> \/ <span>0 comments<\/span><\/div><div class='post-content'><p>It\u2019s this time of the year again \u2013 the air is simply filled with love. And what is a better way to say \u2018I love you\u2019 than with carefully selected flowers? We would like to suggest classic Roses and the flowers of the month \u2013 Chrysanthemums! <\/p>\n<\/div><\/article><\/div>[\/vc_column][\/vc_row]<\/p>","protected":false},"excerpt":{"rendered":"<p>[vc_row has_content=&#8221;true&#8221; css=&#8221;.vc_custom_1442566995341{margin-top: -60px !important;margin-bottom: 0px !important;}&#8221;][vc_column][rev_slider_vc alias=&#8221;main-slider&#8221;][\/vc_column][\/vc_row][vc_row full_width=&#8221;stretch_row&#8221; css=&#8221;.vc_custom_1551109719744{padding-top: 60px !important;background-color: #f2f2f2 !important;}&#8221;][vc_column][vc_column_text css_animation=&#8221;none&#8221;] I valori a cui ci ispiriamo&#8230; [\/vc_column_text][vc_column_text css_animation=&#8221;bottom-to-top&#8221;][\/vc_column_text][\/vc_column][\/vc_row][vc_row full_width=&#8221;stretch_row&#8221; css=&#8221;.vc_custom_1486111577189{padding-top: 10px !important;padding-bottom: 100px !important;background-color: #f2f2f2 !important;}&#8221;][vc_column css_animation=&#8221;none&#8221; width=&#8221;1\/4&#8243; css=&#8221;.vc_custom_1486115563071{margin-right: 10px !important;padding-left: 10px !important;}&#8221;][vc_column_text css=&#8221;.vc_custom_1551955169141{padding-top: 40px&#8230; <\/p>\n","protected":false},"author":2,"featured_media":0,"parent":0,"menu_order":0,"comment_status":"closed","ping_status":"closed","template":"","meta":[],"yoast_head":"<!-- This site is optimized with the Yoast SEO plugin v21.6 - https:\/\/yoast.com\/wordpress\/plugins\/seo\/ -->\n<title>Vita Flos - Uvoz i veleprodaja cvije\u0107a i lon\u010danica<\/title>\n<meta name=\"description\" content=\"Vita Flos je tvrtka s dugogodi\u0161njim iskustvom u veleprodaji rezanog cvije\u0107a, lon\u010danica i dekorativnog materijala. Kontaktirajte nas za suradnju.\" \/>\n<meta name=\"robots\" content=\"index, follow, max-snippet:-1, max-image-preview:large, max-video-preview:-1\" \/>\n<link rel=\"canonical\" href=\"http:\/\/vitaflos.hr\/sk\/\" \/>\n<meta property=\"og:locale\" content=\"it_IT\" \/>\n<meta property=\"og:type\" content=\"article\" \/>\n<meta property=\"og:title\" content=\"Vita Flos - Uvoz i veleprodaja cvije\u0107a i lon\u010danica\" \/>\n<meta property=\"og:description\" content=\"Vita Flos je tvrtka s dugogodi\u0161njim iskustvom u veleprodaji rezanog cvije\u0107a, lon\u010danica i dekorativnog materijala. Kontaktirajte nas za suradnju.\" \/>\n<meta property=\"og:url\" content=\"http:\/\/vitaflos.hr\/sk\/\" \/>\n<meta property=\"og:site_name\" content=\"Vita flos\" \/>\n<meta property=\"article:modified_time\" content=\"2019-11-21T09:40:13+00:00\" \/>\n<meta property=\"og:image\" content=\"http:\/\/vitaflos.hr\/wp-content\/uploads\/2017\/01\/vitaflos-o-nama.jpg\" \/>\n\t<meta property=\"og:image:width\" content=\"500\" \/>\n\t<meta property=\"og:image:height\" content=\"333\" \/>\n\t<meta property=\"og:image:type\" content=\"image\/jpeg\" \/>\n<meta name=\"twitter:card\" content=\"summary_large_image\" \/>\n<meta name=\"twitter:label1\" content=\"Tempo di lettura stimato\" \/>\n\t<meta name=\"twitter:data1\" content=\"16 minuti\" \/>\n<script type=\"application\/ld+json\" class=\"yoast-schema-graph\">{\"@context\":\"https:\/\/schema.org\",\"@graph\":[{\"@type\":\"WebPage\",\"@id\":\"http:\/\/vitaflos.hr\/sk\/\",\"url\":\"http:\/\/vitaflos.hr\/sk\/\",\"name\":\"Vita Flos - Uvoz i veleprodaja cvije\u0107a i lon\u010danica\",\"isPartOf\":{\"@id\":\"http:\/\/vitaflos.hr\/sk\/#website\"},\"datePublished\":\"2014-11-11T11:09:47+00:00\",\"dateModified\":\"2019-11-21T09:40:13+00:00\",\"description\":\"Vita Flos je tvrtka s dugogodi\u0161njim iskustvom u veleprodaji rezanog cvije\u0107a, lon\u010danica i dekorativnog materijala. Kontaktirajte nas za suradnju.\",\"breadcrumb\":{\"@id\":\"http:\/\/vitaflos.hr\/sk\/#breadcrumb\"},\"inLanguage\":\"it-IT\",\"potentialAction\":[{\"@type\":\"ReadAction\",\"target\":[\"http:\/\/vitaflos.hr\/sk\/\"]}]},{\"@type\":\"BreadcrumbList\",\"@id\":\"http:\/\/vitaflos.hr\/sk\/#breadcrumb\",\"itemListElement\":[{\"@type\":\"ListItem\",\"position\":1,\"name\":\"Po\u010detna stranica\",\"item\":\"http:\/\/vitaflos.hr\/sk\/\"},{\"@type\":\"ListItem\",\"position\":2,\"name\":\"(Hrvatski) Naslovna\"}]},{\"@type\":\"WebSite\",\"@id\":\"http:\/\/vitaflos.hr\/sk\/#website\",\"url\":\"http:\/\/vitaflos.hr\/sk\/\",\"name\":\"Vita flos\",\"description\":\"Uvoz i veleprodaja cvije\u0107a\",\"potentialAction\":[{\"@type\":\"SearchAction\",\"target\":{\"@type\":\"EntryPoint\",\"urlTemplate\":\"http:\/\/vitaflos.hr\/sk\/?s={search_term_string}\"},\"query-input\":\"required name=search_term_string\"}],\"inLanguage\":\"it-IT\"}]}<\/script>\n<!-- \/ Yoast SEO plugin. -->","yoast_head_json":{"title":"Vita Flos - Uvoz i veleprodaja cvije\u0107a i lon\u010danica","description":"Vita Flos je tvrtka s dugogodi\u0161njim iskustvom u veleprodaji rezanog cvije\u0107a, lon\u010danica i dekorativnog materijala. Kontaktirajte nas za suradnju.","robots":{"index":"index","follow":"follow","max-snippet":"max-snippet:-1","max-image-preview":"max-image-preview:large","max-video-preview":"max-video-preview:-1"},"canonical":"http:\/\/vitaflos.hr\/sk\/","og_locale":"it_IT","og_type":"article","og_title":"Vita Flos - Uvoz i veleprodaja cvije\u0107a i lon\u010danica","og_description":"Vita Flos je tvrtka s dugogodi\u0161njim iskustvom u veleprodaji rezanog cvije\u0107a, lon\u010danica i dekorativnog materijala. Kontaktirajte nas za suradnju.","og_url":"http:\/\/vitaflos.hr\/sk\/","og_site_name":"Vita flos","article_modified_time":"2019-11-21T09:40:13+00:00","og_image":[{"width":500,"height":333,"url":"http:\/\/vitaflos.hr\/wp-content\/uploads\/2017\/01\/vitaflos-o-nama.jpg","type":"image\/jpeg"}],"twitter_card":"summary_large_image","twitter_misc":{"Tempo di lettura stimato":"16 minuti"},"schema":{"@context":"https:\/\/schema.org","@graph":[{"@type":"WebPage","@id":"http:\/\/vitaflos.hr\/sk\/","url":"http:\/\/vitaflos.hr\/sk\/","name":"Vita Flos - Uvoz i veleprodaja cvije\u0107a i lon\u010danica","isPartOf":{"@id":"http:\/\/vitaflos.hr\/sk\/#website"},"datePublished":"2014-11-11T11:09:47+00:00","dateModified":"2019-11-21T09:40:13+00:00","description":"Vita Flos je tvrtka s dugogodi\u0161njim iskustvom u veleprodaji rezanog cvije\u0107a, lon\u010danica i dekorativnog materijala. Kontaktirajte nas za suradnju.","breadcrumb":{"@id":"http:\/\/vitaflos.hr\/sk\/#breadcrumb"},"inLanguage":"it-IT","potentialAction":[{"@type":"ReadAction","target":["http:\/\/vitaflos.hr\/sk\/"]}]},{"@type":"BreadcrumbList","@id":"http:\/\/vitaflos.hr\/sk\/#breadcrumb","itemListElement":[{"@type":"ListItem","position":1,"name":"Po\u010detna stranica","item":"http:\/\/vitaflos.hr\/sk\/"},{"@type":"ListItem","position":2,"name":"(Hrvatski) Naslovna"}]},{"@type":"WebSite","@id":"http:\/\/vitaflos.hr\/sk\/#website","url":"http:\/\/vitaflos.hr\/sk\/","name":"Vita flos","description":"Uvoz i veleprodaja cvije\u0107a","potentialAction":[{"@type":"SearchAction","target":{"@type":"EntryPoint","urlTemplate":"http:\/\/vitaflos.hr\/sk\/?s={search_term_string}"},"query-input":"required name=search_term_string"}],"inLanguage":"it-IT"}]}},"_links":{"self":[{"href":"https:\/\/vitaflos.hr\/it\/wp-json\/wp\/v2\/pages\/692"}],"collection":[{"href":"https:\/\/vitaflos.hr\/it\/wp-json\/wp\/v2\/pages"}],"about":[{"href":"https:\/\/vitaflos.hr\/it\/wp-json\/wp\/v2\/types\/page"}],"author":[{"embeddable":true,"href":"https:\/\/vitaflos.hr\/it\/wp-json\/wp\/v2\/users\/2"}],"replies":[{"embeddable":true,"href":"https:\/\/vitaflos.hr\/it\/wp-json\/wp\/v2\/comments?post=692"}],"version-history":[{"count":5,"href":"https:\/\/vitaflos.hr\/it\/wp-json\/wp\/v2\/pages\/692\/revisions"}],"predecessor-version":[{"id":2252,"href":"https:\/\/vitaflos.hr\/it\/wp-json\/wp\/v2\/pages\/692\/revisions\/2252"}],"wp:attachment":[{"href":"https:\/\/vitaflos.hr\/it\/wp-json\/wp\/v2\/media?parent=692"}],"curies":[{"name":"wp","href":"https:\/\/api.w.org\/{rel}","templated":true}]}}