{"id":1212,"date":"2017-01-13T11:20:32","date_gmt":"2017-01-13T11:20:32","guid":{"rendered":"http:\/\/vitaflos.hr\/?page_id=1212"},"modified":"2019-03-07T11:42:31","modified_gmt":"2019-03-07T11:42:31","slug":"distribucija","status":"publish","type":"page","link":"https:\/\/vitaflos.hr\/it\/distribucija\/","title":{"rendered":"Diztribuzione"},"content":{"rendered":"<p>[vc_row full_width=&#8221;stretch_row_content_no_spaces&#8221; css=&#8221;.vc_custom_1484140598009{margin-top: -50px !important;}&#8221;][vc_column][vc_single_image image=&#8221;1177&#8243; img_size=&#8221;full&#8221; alignment=&#8221;center&#8221;][\/vc_column][\/vc_row][vc_row css=&#8221;.vc_custom_1485168378348{padding-top: 50px !important;padding-bottom: 20px !important;}&#8221;][vc_column width=&#8221;1\/6&#8243;][\/vc_column][vc_column width=&#8221;2\/3&#8243;][vc_column_text]<\/p>\n<h1 style=\"text-align: center; font-size: 50px;\">Distribuzione<\/h1>\n<p>[\/vc_column_text][vc_column_text css_animation=&#8221;bottom-to-top&#8221; css=&#8221;.vc_custom_1551958880966{padding-top: 30px !important;padding-bottom: 50px !important;}&#8221;]<\/p>\n<p style=\"text-align: center; font-size: 20px;\">La nostra collaborazione attiva con un alto numero di produttori di fiori nel corso degli anni ci permette di adeguare la nostra offerta in base alle esigenze realistiche e attuali dei clienti. I nostri rappresentati di vendita potranno visitare il tuo negozio pi\u00f9 volte alla settimana per consentirti di selezionare i prodotti direttamente dai nostri mezzi di consegna. Cerchiamo sempre di soddisfare le diverse necessit\u00e0 dei nostri clienti con professionalit\u00e0 e responsabilit\u00e0.<\/p>\n<p>[\/vc_column_text][\/vc_column][vc_column width=&#8221;1\/6&#8243;][\/vc_column][\/vc_row][vc_row][vc_column width=&#8221;1\/3&#8243; offset=&#8221;vc_hidden-xs&#8221;][vc_single_image image=&#8221;1466&#8243; img_size=&#8221;full&#8221; css_animation=&#8221;left-to-right&#8221; css=&#8221;.vc_custom_1485940465685{margin-right: -15px !important;}&#8221;][\/vc_column][vc_column width=&#8221;1\/3&#8243;][vc_single_image image=&#8221;1464&#8243; img_size=&#8221;full&#8221; alignment=&#8221;center&#8221; css_animation=&#8221;top-to-bottom&#8221; css=&#8221;.vc_custom_1486539607148{margin-right: -8px !important;margin-left: -8px !important;}&#8221;][\/vc_column][vc_column width=&#8221;1\/3&#8243; offset=&#8221;vc_hidden-xs&#8221;][vc_single_image image=&#8221;1465&#8243; img_size=&#8221;full&#8221; alignment=&#8221;center&#8221; css_animation=&#8221;right-to-left&#8221; css=&#8221;.vc_custom_1485940487148{margin-left: -15px !important;}&#8221;][\/vc_column][\/vc_row][vc_row][vc_column][vc_empty_space height=&#8221;80px&#8221;][\/vc_column][\/vc_row][vc_row full_width=&#8221;stretch_row&#8221; css=&#8221;.vc_custom_1485850286519{padding-top: 30px !important;padding-bottom: 60px !important;background-color: #f2f2f2 !important;}&#8221;][vc_column css_animation=&#8221;left-to-right&#8221; width=&#8221;1\/2&#8243; css=&#8221;.vc_custom_1486539482401{margin-top: -15px !important;}&#8221;][vc_column_text]<\/p>\n<h1 style=\"font-size: 27px; text-align: left;\">INFORMATI SUL PROCEDIMENTO D\u2019ACQUISTO E SUL PROCESSO D\u2019ORDINE COMPLETO PRIMA DELLA CONSEGNA<\/h1>\n<p>[\/vc_column_text][vc_empty_space][vc_column_text]<\/p>\n<p style=\"font-size: 19px;\">Stimato partner, ora puoi ordinare direttamente dal nostro negozio online. La vendita diretta \u00e8 solo una delle possibilit\u00e0 offerte da Vita Flos. Per rendere pi\u00f9 semplice il processo d\u2019acquisto dei prodotti desiderati \u00e8 fondamentale pianificare l\u2019ordine in tempo. Se desideri che la consegna sia effettuata entro marted\u00ec o mercoled\u00ec, ordina i prodotti desiderati entro luned\u00ec.<\/p>\n<p style=\"font-size: 19px;\"><span style=\"color: #121212;\"><em>Ti consigliamo vivamente di effettuare i tuoi acquisti all&#8217;inizio della settimana (luned\u00ec), visto che proprio nei primi giorni della settimana abbiamo a disposizione una pi\u00f9 ampia gamma di scelta. Con la nostra assistenza e la nostra logistica prendi in mano la situazione e pianifica i tuoi acquisti durante la settimana corrente.<\/em><\/span><\/p>\n<p>[\/vc_column_text][\/vc_column][vc_column css_animation=&#8221;right-to-left&#8221; width=&#8221;1\/2&#8243;][rev_slider_vc alias=&#8221;video1&#8243;][\/vc_column][\/vc_row]<\/p>","protected":false},"excerpt":{"rendered":"<p>[vc_row full_width=&#8221;stretch_row_content_no_spaces&#8221; css=&#8221;.vc_custom_1484140598009{margin-top: -50px !important;}&#8221;][vc_column][vc_single_image image=&#8221;1177&#8243; img_size=&#8221;full&#8221; alignment=&#8221;center&#8221;][\/vc_column][\/vc_row][vc_row css=&#8221;.vc_custom_1485168378348{padding-top: 50px !important;padding-bottom: 20px !important;}&#8221;][vc_column width=&#8221;1\/6&#8243;][\/vc_column][vc_column width=&#8221;2\/3&#8243;][vc_column_text] Distribuzione [\/vc_column_text][vc_column_text css_animation=&#8221;bottom-to-top&#8221; css=&#8221;.vc_custom_1551958880966{padding-top: 30px !important;padding-bottom: 50px !important;}&#8221;] La nostra collaborazione attiva con un alto numero di produttori di fiori nel corso degli anni ci&#8230;<\/p>\n","protected":false},"author":1,"featured_media":0,"parent":0,"menu_order":0,"comment_status":"closed","ping_status":"closed","template":"","meta":[],"yoast_head":"<!-- This site is optimized with the Yoast SEO plugin v21.6 - https:\/\/yoast.com\/wordpress\/plugins\/seo\/ -->\n<title>Diztribuzione - Vita flos<\/title>\n<meta name=\"robots\" content=\"index, follow, max-snippet:-1, max-image-preview:large, max-video-preview:-1\" \/>\n<link rel=\"canonical\" href=\"http:\/\/vitaflos.hr\/distribucija\/\" \/>\n<meta property=\"og:locale\" content=\"it_IT\" \/>\n<meta property=\"og:type\" content=\"article\" \/>\n<meta property=\"og:title\" content=\"[:hr]Distribucija[:en]Distribution[:sk]Distribucija[:it]Diztribuzione[:] - Vita flos\" \/>\n<meta property=\"og:description\" content=\"[vc_row full_width=&#8221;stretch_row_content_no_spaces&#8221; css=&#8221;.vc_custom_1484140598009{margin-top: -50px !important;}&#8221;][vc_column][vc_single_image image=&#8221;1177&#8243; img_size=&#8221;full&#8221; alignment=&#8221;center&#8221;][\/vc_column][\/vc_row][vc_row css=&#8221;.vc_custom_1485168378348{padding-top: 50px !important;padding-bottom: 20px !important;}&#8221;][vc_column width=&#8221;1\/6&#8243;][\/vc_column][vc_column width=&#8221;2\/3&#8243;][vc_column_text] Distribuzione [\/vc_column_text][vc_column_text css_animation=&#8221;bottom-to-top&#8221; css=&#8221;.vc_custom_1551958880966{padding-top: 30px !important;padding-bottom: 50px !important;}&#8221;] La nostra collaborazione attiva con un alto numero di produttori di fiori nel corso degli anni ci...\" \/>\n<meta property=\"og:url\" content=\"http:\/\/vitaflos.hr\/distribucija\/\" \/>\n<meta property=\"og:site_name\" content=\"Vita flos\" \/>\n<meta property=\"article:modified_time\" content=\"2019-03-07T11:42:31+00:00\" \/>\n<meta name=\"twitter:card\" content=\"summary_large_image\" \/>\n<meta name=\"twitter:label1\" content=\"Tempo di lettura stimato\" \/>\n\t<meta name=\"twitter:data1\" content=\"9 minuti\" \/>\n<script type=\"application\/ld+json\" class=\"yoast-schema-graph\">{\"@context\":\"https:\/\/schema.org\",\"@graph\":[{\"@type\":\"WebPage\",\"@id\":\"http:\/\/vitaflos.hr\/distribucija\/\",\"url\":\"http:\/\/vitaflos.hr\/distribucija\/\",\"name\":\"[:hr]Distribucija[:en]Distribution[:sk]Distribucija[:it]Diztribuzione[:] - Vita flos\",\"isPartOf\":{\"@id\":\"http:\/\/vitaflos.hr\/sk\/#website\"},\"datePublished\":\"2017-01-13T11:20:32+00:00\",\"dateModified\":\"2019-03-07T11:42:31+00:00\",\"breadcrumb\":{\"@id\":\"http:\/\/vitaflos.hr\/distribucija\/#breadcrumb\"},\"inLanguage\":\"it-IT\",\"potentialAction\":[{\"@type\":\"ReadAction\",\"target\":[\"http:\/\/vitaflos.hr\/distribucija\/\"]}]},{\"@type\":\"BreadcrumbList\",\"@id\":\"http:\/\/vitaflos.hr\/distribucija\/#breadcrumb\",\"itemListElement\":[{\"@type\":\"ListItem\",\"position\":1,\"name\":\"Po\u010detna stranica\",\"item\":\"http:\/\/vitaflos.hr\/sk\/\"},{\"@type\":\"ListItem\",\"position\":2,\"name\":\"Distribucija\"}]},{\"@type\":\"WebSite\",\"@id\":\"http:\/\/vitaflos.hr\/sk\/#website\",\"url\":\"http:\/\/vitaflos.hr\/sk\/\",\"name\":\"Vita flos\",\"description\":\"Uvoz i veleprodaja cvije\u0107a\",\"potentialAction\":[{\"@type\":\"SearchAction\",\"target\":{\"@type\":\"EntryPoint\",\"urlTemplate\":\"http:\/\/vitaflos.hr\/sk\/?s={search_term_string}\"},\"query-input\":\"required name=search_term_string\"}],\"inLanguage\":\"it-IT\"}]}<\/script>\n<!-- \/ Yoast SEO plugin. -->","yoast_head_json":{"title":"[:hr]Distribucija[:en]Distribution[:sk]Distribucija[:it]Diztribuzione[:] - Vita flos","robots":{"index":"index","follow":"follow","max-snippet":"max-snippet:-1","max-image-preview":"max-image-preview:large","max-video-preview":"max-video-preview:-1"},"canonical":"http:\/\/vitaflos.hr\/distribucija\/","og_locale":"it_IT","og_type":"article","og_title":"[:hr]Distribucija[:en]Distribution[:sk]Distribucija[:it]Diztribuzione[:] - Vita flos","og_description":"[vc_row full_width=&#8221;stretch_row_content_no_spaces&#8221; css=&#8221;.vc_custom_1484140598009{margin-top: -50px !important;}&#8221;][vc_column][vc_single_image image=&#8221;1177&#8243; img_size=&#8221;full&#8221; alignment=&#8221;center&#8221;][\/vc_column][\/vc_row][vc_row css=&#8221;.vc_custom_1485168378348{padding-top: 50px !important;padding-bottom: 20px !important;}&#8221;][vc_column width=&#8221;1\/6&#8243;][\/vc_column][vc_column width=&#8221;2\/3&#8243;][vc_column_text] Distribuzione [\/vc_column_text][vc_column_text css_animation=&#8221;bottom-to-top&#8221; css=&#8221;.vc_custom_1551958880966{padding-top: 30px !important;padding-bottom: 50px !important;}&#8221;] La nostra collaborazione attiva con un alto numero di produttori di fiori nel corso degli anni ci...","og_url":"http:\/\/vitaflos.hr\/distribucija\/","og_site_name":"Vita flos","article_modified_time":"2019-03-07T11:42:31+00:00","twitter_card":"summary_large_image","twitter_misc":{"Tempo di lettura stimato":"9 minuti"},"schema":{"@context":"https:\/\/schema.org","@graph":[{"@type":"WebPage","@id":"http:\/\/vitaflos.hr\/distribucija\/","url":"http:\/\/vitaflos.hr\/distribucija\/","name":"[:hr]Distribucija[:en]Distribution[:sk]Distribucija[:it]Diztribuzione[:] - Vita flos","isPartOf":{"@id":"http:\/\/vitaflos.hr\/sk\/#website"},"datePublished":"2017-01-13T11:20:32+00:00","dateModified":"2019-03-07T11:42:31+00:00","breadcrumb":{"@id":"http:\/\/vitaflos.hr\/distribucija\/#breadcrumb"},"inLanguage":"it-IT","potentialAction":[{"@type":"ReadAction","target":["http:\/\/vitaflos.hr\/distribucija\/"]}]},{"@type":"BreadcrumbList","@id":"http:\/\/vitaflos.hr\/distribucija\/#breadcrumb","itemListElement":[{"@type":"ListItem","position":1,"name":"Po\u010detna stranica","item":"http:\/\/vitaflos.hr\/sk\/"},{"@type":"ListItem","position":2,"name":"Distribucija"}]},{"@type":"WebSite","@id":"http:\/\/vitaflos.hr\/sk\/#website","url":"http:\/\/vitaflos.hr\/sk\/","name":"Vita flos","description":"Uvoz i veleprodaja cvije\u0107a","potentialAction":[{"@type":"SearchAction","target":{"@type":"EntryPoint","urlTemplate":"http:\/\/vitaflos.hr\/sk\/?s={search_term_string}"},"query-input":"required name=search_term_string"}],"inLanguage":"it-IT"}]}},"_links":{"self":[{"href":"https:\/\/vitaflos.hr\/it\/wp-json\/wp\/v2\/pages\/1212"}],"collection":[{"href":"https:\/\/vitaflos.hr\/it\/wp-json\/wp\/v2\/pages"}],"about":[{"href":"https:\/\/vitaflos.hr\/it\/wp-json\/wp\/v2\/types\/page"}],"author":[{"embeddable":true,"href":"https:\/\/vitaflos.hr\/it\/wp-json\/wp\/v2\/users\/1"}],"replies":[{"embeddable":true,"href":"https:\/\/vitaflos.hr\/it\/wp-json\/wp\/v2\/comments?post=1212"}],"version-history":[{"count":5,"href":"https:\/\/vitaflos.hr\/it\/wp-json\/wp\/v2\/pages\/1212\/revisions"}],"predecessor-version":[{"id":2194,"href":"https:\/\/vitaflos.hr\/it\/wp-json\/wp\/v2\/pages\/1212\/revisions\/2194"}],"wp:attachment":[{"href":"https:\/\/vitaflos.hr\/it\/wp-json\/wp\/v2\/media?parent=1212"}],"curies":[{"name":"wp","href":"https:\/\/api.w.org\/{rel}","templated":true}]}}