{"id":15,"date":"2014-11-11T11:14:30","date_gmt":"2014-11-11T11:14:30","guid":{"rendered":"http:\/\/anpsthemes.com\/constructo\/?page_id=15"},"modified":"2025-09-30T10:11:18","modified_gmt":"2025-09-30T10:11:18","slug":"kontakt","status":"publish","type":"page","link":"https:\/\/vitaflos.hr\/en\/kontakt\/","title":{"rendered":"Contact"},"content":{"rendered":"<p>[vc_row full_width=&#8221;stretch_row_content_no_spaces&#8221; has_content=&#8221;false&#8221; css=&#8221;.vc_custom_1442493627149{margin-top: -60px !important;margin-bottom: 60px !important;}&#8221;][vc_column][vc_column_text el_class=&#8221;karta&#8221;]<script type=\"text\/javascript\">window.wgm_config_2 = {\"hide_markers\":false,\"show_center_icon\":false,\"show_distance\":false,\"sort_by_distance\":false,\"distance_unit\":\"miles\",\"placement\":\"inside_map\",\"enable_show_on_map_icon\":false,\"enable_get_direction_icon\":false,\"enable_direction_link\":false,\"enable_modern_direction\":false,\"enable_category_filter\":false,\"category_selection_logic\":\"OR\"};<\/script>    \r\n        <div class=\"wgm-map-listing-container wgm-placement-below_map wgm-map-id-1531\" \r\n         style=\"--wgm-map-height: 500px; --wgm-drawer-width: 300px; \">\r\n        \r\n        <div class=\"wgm-map-area\" style=\"width:100%; margin: 0 auto; max-width: 100%;\">\r\n            <!-- Advanced Search Control -->\r\n            <!-- Directions Drawer -->\r\n<div id=\"wgm_direction_drawer_2\" class=\"wgm-direction-drawer\">\r\n        \r\n    <div class=\"wgm-drawer-content\">\r\n    <button type=\"button\" class=\"wgm-drawer-close\" aria-label=\"Close directions\">\r\n        <svg viewBox=\"0 0 24 24\" width=\"24\" height=\"24\"><path fill=\"currentColor\" d=\"M19 6.41L17.59 5 12 10.59 6.41 5 5 6.41 10.59 12 5 17.59 6.41 19 12 13.41 17.59 19 19 17.59 13.41 12 19 6.41z\"><\/path><\/svg>\r\n    <\/button>\r\n    <div class=\"wgm-drawer-header\">\r\n        <h3 class=\"wgm-drawer-title\">Get Directions<\/h3>\r\n    <\/div>\r\n    \r\n    <div class=\"wgm-travel-mode-switcher\">\r\n        <button type=\"button\" class=\"wgm-travel-btn active\" data-mode=\"DRIVING\" title=\"Driving\">\r\n            <svg viewBox=\"0 0 24 24\"><path fill=\"currentColor\" d=\"M18.92 6.01C18.72 5.42 18.16 5 17.5 5h-11c-.66 0-1.21.42-1.42 1.01L3 12v8c0 .55.45 1 1 1h1c.55 0 1-.45 1-1v-1h12v1c0 .55.45 1 1 1h1c.55 0 1-.45 1-1v-8l-2.08-5.99zM6.5 16c-.83 0-1.5-.67-1.5-1.5S5.67 13 6.5 13s1.5.67 1.5 1.5S7.33 16 6.5 16zm11 0c-.83 0-1.5-.67-1.5-1.5s.67-1.5 1.5-1.5 1.5.67 1.5 1.5-.67 1.5-1.5 1.5zM5 11l1.5-4.5h11L19 11H5z\"><\/path><\/svg>\r\n        <\/button>\r\n        <button type=\"button\" class=\"wgm-travel-btn\" data-mode=\"WALKING\" title=\"Walking\">\r\n            <svg viewBox=\"0 0 24 24\"><path fill=\"currentColor\" d=\"M13.5 5.5c1.1 0 2-.9 2-2s-.9-2-2-2-2 .9-2 2 .9 2 2 2zM9.8 8.9L7 23h2.1l1.8-8 2.1 2v6h2v-7.5l-2.1-2 .6-3C14.8 12 16.8 13 19 13v-2c-1.9 0-3.5-1-4.3-2.4l-1-1.6c-.4-.6-1-1-1.7-1-.3 0-.5.1-.8.1L6 8.3V13h2V9.6l1.8-.7\"><\/path><\/svg>\r\n        <\/button>\r\n        <button type=\"button\" class=\"wgm-travel-btn\" data-mode=\"BICYCLING\" title=\"Cycling\">\r\n            <svg viewBox=\"0 0 24 24\"><path fill=\"currentColor\" d=\"M15.5 5.5c1.1 0 2-.9 2-2s-.9-2-2-2-2 .9-2 2 .9 2 2 2zM5 12c-2.8 0-5 2.2-5 5s2.2 5 5 5 5-2.2 5-5-2.2-5-5-5zm0 8.5c-1.9 0-3.5-1.6-3.5-3.5s1.6-3.5 3.5-3.5 3.5 1.6 3.5 3.5-1.6 3.5-3.5 3.5zm19-3.5c0-2.8-2.2-5-5-5s-5 2.2-5 5 2.2 5 5 5 5-2.2 5-5zm-5 3.5c-1.9 0-3.5-1.6-3.5-3.5s1.6-3.5 3.5-3.5 3.5 1.6 3.5 3.5-1.6 3.5-3.5 3.5zm-6.1-5.4l2.7-2.7-1.2-1.2-.2-.2C13.5 8.3 12.3 8 11 8V6h-2v2H7L3.5 11l1.4 1.4L7 10.3V15h2v-4.7l2.1 2.1c.3.3.7.6 1.1.6h2.8l-1.6-1.6h-2.1z\"><\/path><\/svg>\r\n        <\/button>\r\n        <button type=\"button\" class=\"wgm-travel-btn\" data-mode=\"TRANSIT\" title=\"Transit\">\r\n            <svg viewBox=\"0 0 24 24\"><path fill=\"currentColor\" d=\"M12 2c-4.42 0-8 .5-8 4v10c0 .74.19 1.42.5 2.02V20c0 .55.45 1 1 1h1c.55 0 1-.45 1-1v-1h8v1c0 .55.45 1 1 1h1c.55 0 1-.45 1-1v-1.98c.31-.6.5-1.28.5-2.02V6c0-3.5-3.58-4-8-4zM7.5 17c-.83 0-1.5-.67-1.5-1.5S6.67 14 7.5 14s1.5.67 1.5 1.5S8.33 17 7.5 17zm3.5-6H6V6h5v5zm5.5 6c-.83 0-1.5-.67-1.5-1.5s.67-1.5 1.5-1.5 1.5.67 1.5 1.5-.67 1.5-1.5 1.5zm2.5-6h-5V6h5v5z\"><\/path><\/svg>\r\n        <\/button>\r\n    <\/div>\r\n\r\n    <div class=\"wgm-dir-input-group\">\r\n        <div class=\"wgm-dir-field-wrap\">\r\n            <input type=\"text\" id=\"wgm_dir_from_2\" class=\"wgm-dir-input\" placeholder=\"Choose start point...\">\r\n            <button type=\"button\" class=\"wgm-current-loc-btn\" title=\"Use my location\">\r\n                <svg viewBox=\"0 0 24 24\" width=\"20\" height=\"20\"><path fill=\"currentColor\" d=\"M12 8c-2.21 0-4 1.79-4 4s1.79 4 4 4 4-1.79 4-4-1.79-4-4-4zm8.94 3c-.46-4.17-3.77-7.48-7.94-7.94V1h-2v2.06C6.83 3.52 3.52 6.83 3.06 11H1v2h2.06c.46 4.17 3.77 7.48 7.94 7.94V23h2v-2.06c4.17-.46 7.48-3.77 7.94-7.94H23v-2h-2.06zM12 19c-3.87 0-7-3.13-7-7s3.13-7 7-7 7 3.13 7 7-3.13 7-7 7z\"><\/path><\/svg>\r\n            <\/button>\r\n        <\/div>\r\n    <\/div>\r\n    \r\n    <div id=\"wgm_waypoints_container_2\" class=\"wgm-waypoints-container\"><\/div>\r\n\r\n    <div class=\"wgm-dir-input-group\">\r\n        <div class=\"wgm-dir-field-wrap\">\r\n            <input type=\"text\" id=\"wgm_dir_to_2\" class=\"wgm-dir-input\" placeholder=\"Choose destination...\">\r\n            <button type=\"button\" class=\"wgm-current-loc-btn\" title=\"Use my location\">\r\n                <svg viewBox=\"0 0 24 24\" width=\"20\" height=\"20\"><path fill=\"currentColor\" d=\"M12 8c-2.21 0-4 1.79-4 4s1.79 4 4 4 4-1.79 4-4-1.79-4-4-4zm8.94 3c-.46-4.17-3.77-7.48-7.94-7.94V1h-2v2.06C6.83 3.52 3.52 6.83 3.06 11H1v2h2.06c.46 4.17 3.77 7.48 7.94 7.94V23h2v-2.06c4.17-.46 7.48-3.77 7.94-7.94H23v-2h-2.06zM12 19c-3.87 0-7-3.13-7-7s3.13-7 7-7 7 3.13 7 7-3.13 7-7 7z\"><\/path><\/svg>\r\n            <\/button>\r\n        <\/div>\r\n    <\/div>\r\n\r\n    <div class=\"wgm-add-waypoint-trigger\" id=\"wgm_add_waypoint_2\">\r\n            <svg viewBox=\"0 0 24 24\" width=\"16\" height=\"16\"><path fill=\"currentColor\" d=\"M19 13h-6v6h-2v-6H5v-2h6V5h2v6h6v2z\"><\/path><\/svg>\r\n            <span>Add Waypoint<\/span>\r\n    <\/div>\r\n\r\n    <div class=\"wgm_dir_options_wrap\">\r\n        <div class=\"wgm-action-bar\">\r\n            <div class=\"wgm-dir-adv-toggle\">\r\n                <svg viewBox=\"0 0 24 24\" width=\"16\" height=\"16\"><path fill=\"currentColor\" d=\"M3 17v2h6v-2H3zM3 5v2h10V5H3zm10 16v-2h8v-2h-8v-2h-2v6h2zM7 9v2H3v2h4v2h2V9H7zm14 4v-2H11v2h10zm-6-4h2V7h4V5h-4V3h-2v6z\"><\/path><\/svg>\r\n                <span>Route Options<\/span>\r\n            <\/div>\r\n            <button type=\"button\" class=\"wgm-dir-go-btn\">\r\n                <span>Go<\/span>\r\n                <svg viewBox=\"0 0 24 24\" width=\"20\" height=\"20\"><path fill=\"currentColor\" d=\"M12 4l-1.41 1.41L16.17 11H4v2h12.17l-5.58 5.59L12 20l8-8z\"><\/path><\/svg>\r\n            <\/button>\r\n        <\/div>\r\n        \r\n        <div class=\"wgm-dir-adv-options\">\r\n            <label class=\"wgm-adv-opt-item\">\r\n                <input type=\"checkbox\" class=\"wgm-avoid-tolls\"> Avoid Tolls            <\/label>\r\n            <label class=\"wgm-adv-opt-item\">\r\n                <input type=\"checkbox\" class=\"wgm-avoid-highways\"> Avoid Highways            <\/label>\r\n            <label class=\"wgm-adv-opt-item\">\r\n                <input type=\"checkbox\" class=\"wgm-avoid-ferries\"> Avoid Ferries            <\/label>\r\n        <\/div>\r\n    <\/div>\r\n\r\n    <div id=\"wgm_dir_results_2\" class=\"wgm-dir-results-panel\"><\/div>\r\n    <\/div> <!-- End .wgm-drawer-content -->\r\n<\/div>\r\n            \r\n            <div id=\"srm_gmp_embed_2\" class=\"wgm-map-canvas\"\r\n                style=\"width: 100%; height:500px !important;\">\r\n            <\/div>\r\n\r\n                    <\/div>\r\n\r\n        <div id=\"wgm_listing_area_2\" class=\"wgm-listing-area\">\r\n                    <\/div>\r\n    <\/div>\r\n\r\n    <div id=\"wgm-lightbox-overlay_2\" class=\"wgm-lightbox-overlay\">\r\n        <span class=\"wgm-lightbox-close\">&times;<\/span>\r\n        <img class=\"wgm-lightbox-content\" id=\"wgm-lightbox-img_2\">\r\n    <\/div>\r\n[\/vc_column_text][\/vc_column][\/vc_row][vc_row][vc_column width=&#8221;1\/3&#8243;]<h4 class='heading-content  style-1' ><span>VITA FLOS d.o.o.<\/span><\/h4>[vc_empty_space height=&#8221;15px&#8221;][vc_column_text]<strong>Contact<\/strong><\/p>\n<p>Headquarters: Re\u0161etari 58, 51215 Kastav<br \/>\nEmail:\u00a0<a href=\"mailto:info@vitaflos.hr\">info@vitaflos.hr<\/a><br \/>\nEmail: <a href=\"mailto:vitaflos@vitaflos.hr\">vitaflos@vitaflos.hr<\/a><br \/>\nMobile phone: +385 91 507 8161<br \/>\nPhone\/fax: +385 51 701 335[\/vc_column_text][\/vc_column][vc_column width=&#8221;1\/3&#8243;][vc_empty_space height=&#8221;68px&#8221;][vc_column_text]<strong>Warehouse<\/strong><\/p>\n<p>Adress:<br \/>\nRegionalna veletr\u017enica Matulji<br \/>\nJu\u0161i\u0107i 69\/c<br \/>\n51 213 Jurdani[\/vc_column_text][\/vc_column][vc_column width=&#8221;1\/3&#8243;][vc_empty_space height=&#8221;68px&#8221;][vc_column_text]<strong>Info<\/strong><\/p>\n<p>OIB: 19159546370<br \/>\nID DDV: SI43968007<br \/>\nPrivredna banka Zagreb d.d.<br \/>\nIBAN: HR9723400091110378435<\/p>\n<p>Banka Intesa Sanpaolo d.d.<br \/>\nIBAN: SI56101000054919843[\/vc_column_text][\/vc_column][\/vc_row][vc_row css=&#8221;.vc_custom_1418807519392{margin-top: 20px !important;}&#8221; has_content=&#8221;true&#8221;][vc_column][vc_empty_space height=&#8221;35px&#8221;]<h5 class='heading-content  style-1' ><span>SEND US YOUR INQUIRY<\/span><\/h5>[vc_empty_space height=&#8221;15px&#8221;]\n<div class=\"wpcf7 no-js\" id=\"wpcf7-f452-o2\" lang=\"en-US\" dir=\"ltr\">\n<div class=\"screen-reader-response\"><p role=\"status\" aria-live=\"polite\" aria-atomic=\"true\"><\/p> <ul><\/ul><\/div>\n<form action=\"\/en\/wp-json\/wp\/v2\/pages\/15#wpcf7-f452-o2\" method=\"post\" class=\"wpcf7-form init\" aria-label=\"Contact form\" novalidate=\"novalidate\" data-status=\"init\">\n<div style=\"display: none;\">\n<input type=\"hidden\" name=\"_wpcf7\" value=\"452\" \/>\n<input type=\"hidden\" name=\"_wpcf7_version\" value=\"5.8.6\" \/>\n<input type=\"hidden\" name=\"_wpcf7_locale\" value=\"en_US\" \/>\n<input type=\"hidden\" name=\"_wpcf7_unit_tag\" value=\"wpcf7-f452-o2\" \/>\n<input type=\"hidden\" name=\"_wpcf7_container_post\" value=\"0\" \/>\n<input type=\"hidden\" name=\"_wpcf7_posted_data_hash\" value=\"\" \/>\n<\/div>\n<div class=\"col-sm-5 noleftpadding\">\n\t<p><span class=\"wpcf7-form-control-wrap\" data-name=\"your-name\"><input size=\"40\" class=\"wpcf7-form-control wpcf7-text wpcf7-validates-as-required\" aria-required=\"true\" aria-invalid=\"false\" placeholder=\"Name*\" value=\"\" type=\"text\" name=\"your-name\" \/><\/span>\n\t<\/p>\n\t<p><span class=\"wpcf7-form-control-wrap\" data-name=\"your-subject\"><input size=\"40\" class=\"wpcf7-form-control wpcf7-text\" aria-invalid=\"false\" placeholder=\"Title of the inquiry*\" value=\"\" type=\"text\" name=\"your-subject\" \/><\/span>\n\t<\/p>\n\t<p><span class=\"wpcf7-form-control-wrap\" data-name=\"your-email\"><input size=\"40\" class=\"wpcf7-form-control wpcf7-email wpcf7-validates-as-required wpcf7-text wpcf7-validates-as-email\" aria-required=\"true\" aria-invalid=\"false\" placeholder=\"Email*\" value=\"\" type=\"email\" name=\"your-email\" \/><\/span>\n\t<\/p>\n<\/div>\n<div class=\"col-sm-7 norightpadding\">\n\t<p><span class=\"wpcf7-form-control-wrap\" data-name=\"your-message\"><textarea cols=\"25\" rows=\"3\" class=\"wpcf7-form-control wpcf7-textarea\" aria-invalid=\"false\" placeholder=\"Your massage*\" name=\"your-message\"><\/textarea><\/span>\n\t<\/p>\n\t<p><input class=\"wpcf7-form-control wpcf7-submit has-spinner\" type=\"submit\" value=\"SEND\" \/>\n\t<\/p>\n<\/div><div class=\"wpcf7-response-output\" aria-hidden=\"true\"><\/div>\n<\/form>\n<\/div>\n[\/vc_column][\/vc_row]<\/p>","protected":false},"excerpt":{"rendered":"<p>[vc_row full_width=&#8221;stretch_row_content_no_spaces&#8221; has_content=&#8221;false&#8221; css=&#8221;.vc_custom_1442493627149{margin-top: -60px !important;margin-bottom: 60px !important;}&#8221;][vc_column][vc_column_text el_class=&#8221;karta&#8221;][\/vc_column_text][\/vc_column][\/vc_row][vc_row][vc_column width=&#8221;1\/3&#8243;][vc_empty_space height=&#8221;15px&#8221;][vc_column_text]Contact Headquarters: Re\u0161etari 58, 51215 Kastav Email:\u00a0info@vitaflos.hr Email: vitaflos@vitaflos.hr Mobile phone: +385 91 507 8161 Phone\/fax: +385 51 701 335[\/vc_column_text][\/vc_column][vc_column width=&#8221;1\/3&#8243;][vc_empty_space height=&#8221;68px&#8221;][vc_column_text]Warehouse Adress: Regionalna veletr\u017enica Matulji Ju\u0161i\u0107i 69\/c 51 213&#8230;<\/p>\n","protected":false},"author":2,"featured_media":0,"parent":0,"menu_order":0,"comment_status":"closed","ping_status":"closed","template":"","meta":[],"yoast_head":"<!-- This site is optimized with the Yoast SEO plugin v21.6 - https:\/\/yoast.com\/wordpress\/plugins\/seo\/ -->\n<title>Contact - Vita flos<\/title>\n<meta name=\"robots\" content=\"index, follow, max-snippet:-1, max-image-preview:large, max-video-preview:-1\" \/>\n<link rel=\"canonical\" href=\"https:\/\/vitaflos.hr\/sk\/kontakt\/\" \/>\n<meta property=\"og:locale\" content=\"en_US\" \/>\n<meta property=\"og:type\" content=\"article\" \/>\n<meta property=\"og:title\" content=\"[:hr]Kontakt[:en]Contact[:sk]Kontakt[:it]Contatto[:] - Vita flos\" \/>\n<meta property=\"og:description\" content=\"[vc_row full_width=&#8221;stretch_row_content_no_spaces&#8221; has_content=&#8221;false&#8221; css=&#8221;.vc_custom_1442493627149{margin-top: -60px !important;margin-bottom: 60px !important;}&#8221;][vc_column][vc_column_text el_class=&#8221;karta&#8221;][\/vc_column_text][\/vc_column][\/vc_row][vc_row][vc_column width=&#8221;1\/3&#8243;][vc_empty_space height=&#8221;15px&#8221;][vc_column_text]Contact Headquarters: Re\u0161etari 58, 51215 Kastav Email:\u00a0info@vitaflos.hr Email: vitaflos@vitaflos.hr Mobile phone: +385 91 507 8161 Phone\/fax: +385 51 701 335[\/vc_column_text][\/vc_column][vc_column width=&#8221;1\/3&#8243;][vc_empty_space height=&#8221;68px&#8221;][vc_column_text]Warehouse Adress: Regionalna veletr\u017enica Matulji Ju\u0161i\u0107i 69\/c 51 213...\" \/>\n<meta property=\"og:url\" content=\"https:\/\/vitaflos.hr\/sk\/kontakt\/\" \/>\n<meta property=\"og:site_name\" content=\"Vita flos\" \/>\n<meta property=\"article:modified_time\" content=\"2025-09-30T10:11:18+00:00\" \/>\n<meta name=\"twitter:card\" content=\"summary_large_image\" \/>\n<meta name=\"twitter:label1\" content=\"Est. reading time\" \/>\n\t<meta name=\"twitter:data1\" content=\"1 minute\" \/>\n<script type=\"application\/ld+json\" class=\"yoast-schema-graph\">{\"@context\":\"https:\/\/schema.org\",\"@graph\":[{\"@type\":\"WebPage\",\"@id\":\"https:\/\/vitaflos.hr\/sk\/kontakt\/\",\"url\":\"https:\/\/vitaflos.hr\/sk\/kontakt\/\",\"name\":\"[:hr]Kontakt[:en]Contact[:sk]Kontakt[:it]Contatto[:] - Vita flos\",\"isPartOf\":{\"@id\":\"http:\/\/vitaflos.hr\/en\/#website\"},\"datePublished\":\"2014-11-11T11:14:30+00:00\",\"dateModified\":\"2025-09-30T10:11:18+00:00\",\"breadcrumb\":{\"@id\":\"https:\/\/vitaflos.hr\/sk\/kontakt\/#breadcrumb\"},\"inLanguage\":\"en-US\",\"potentialAction\":[{\"@type\":\"ReadAction\",\"target\":[\"https:\/\/vitaflos.hr\/sk\/kontakt\/\"]}]},{\"@type\":\"BreadcrumbList\",\"@id\":\"https:\/\/vitaflos.hr\/sk\/kontakt\/#breadcrumb\",\"itemListElement\":[{\"@type\":\"ListItem\",\"position\":1,\"name\":\"Po\u010detna stranica\",\"item\":\"http:\/\/vitaflos.hr\/en\/\"},{\"@type\":\"ListItem\",\"position\":2,\"name\":\"Kontakt\"}]},{\"@type\":\"WebSite\",\"@id\":\"http:\/\/vitaflos.hr\/en\/#website\",\"url\":\"http:\/\/vitaflos.hr\/en\/\",\"name\":\"Vita flos\",\"description\":\"Uvoz i veleprodaja cvije\u0107a\",\"potentialAction\":[{\"@type\":\"SearchAction\",\"target\":{\"@type\":\"EntryPoint\",\"urlTemplate\":\"http:\/\/vitaflos.hr\/en\/?s={search_term_string}\"},\"query-input\":\"required name=search_term_string\"}],\"inLanguage\":\"en-US\"}]}<\/script>\n<!-- \/ Yoast SEO plugin. -->","yoast_head_json":{"title":"[:hr]Kontakt[:en]Contact[:sk]Kontakt[:it]Contatto[:] - Vita flos","robots":{"index":"index","follow":"follow","max-snippet":"max-snippet:-1","max-image-preview":"max-image-preview:large","max-video-preview":"max-video-preview:-1"},"canonical":"https:\/\/vitaflos.hr\/sk\/kontakt\/","og_locale":"en_US","og_type":"article","og_title":"[:hr]Kontakt[:en]Contact[:sk]Kontakt[:it]Contatto[:] - Vita flos","og_description":"[vc_row full_width=&#8221;stretch_row_content_no_spaces&#8221; has_content=&#8221;false&#8221; css=&#8221;.vc_custom_1442493627149{margin-top: -60px !important;margin-bottom: 60px !important;}&#8221;][vc_column][vc_column_text el_class=&#8221;karta&#8221;][\/vc_column_text][\/vc_column][\/vc_row][vc_row][vc_column width=&#8221;1\/3&#8243;][vc_empty_space height=&#8221;15px&#8221;][vc_column_text]Contact Headquarters: Re\u0161etari 58, 51215 Kastav Email:\u00a0info@vitaflos.hr Email: vitaflos@vitaflos.hr Mobile phone: +385 91 507 8161 Phone\/fax: +385 51 701 335[\/vc_column_text][\/vc_column][vc_column width=&#8221;1\/3&#8243;][vc_empty_space height=&#8221;68px&#8221;][vc_column_text]Warehouse Adress: Regionalna veletr\u017enica Matulji Ju\u0161i\u0107i 69\/c 51 213...","og_url":"https:\/\/vitaflos.hr\/sk\/kontakt\/","og_site_name":"Vita flos","article_modified_time":"2025-09-30T10:11:18+00:00","twitter_card":"summary_large_image","twitter_misc":{"Est. reading time":"1 minute"},"schema":{"@context":"https:\/\/schema.org","@graph":[{"@type":"WebPage","@id":"https:\/\/vitaflos.hr\/sk\/kontakt\/","url":"https:\/\/vitaflos.hr\/sk\/kontakt\/","name":"[:hr]Kontakt[:en]Contact[:sk]Kontakt[:it]Contatto[:] - Vita flos","isPartOf":{"@id":"http:\/\/vitaflos.hr\/en\/#website"},"datePublished":"2014-11-11T11:14:30+00:00","dateModified":"2025-09-30T10:11:18+00:00","breadcrumb":{"@id":"https:\/\/vitaflos.hr\/sk\/kontakt\/#breadcrumb"},"inLanguage":"en-US","potentialAction":[{"@type":"ReadAction","target":["https:\/\/vitaflos.hr\/sk\/kontakt\/"]}]},{"@type":"BreadcrumbList","@id":"https:\/\/vitaflos.hr\/sk\/kontakt\/#breadcrumb","itemListElement":[{"@type":"ListItem","position":1,"name":"Po\u010detna stranica","item":"http:\/\/vitaflos.hr\/en\/"},{"@type":"ListItem","position":2,"name":"Kontakt"}]},{"@type":"WebSite","@id":"http:\/\/vitaflos.hr\/en\/#website","url":"http:\/\/vitaflos.hr\/en\/","name":"Vita flos","description":"Uvoz i veleprodaja cvije\u0107a","potentialAction":[{"@type":"SearchAction","target":{"@type":"EntryPoint","urlTemplate":"http:\/\/vitaflos.hr\/en\/?s={search_term_string}"},"query-input":"required name=search_term_string"}],"inLanguage":"en-US"}]}},"_links":{"self":[{"href":"https:\/\/vitaflos.hr\/en\/wp-json\/wp\/v2\/pages\/15"}],"collection":[{"href":"https:\/\/vitaflos.hr\/en\/wp-json\/wp\/v2\/pages"}],"about":[{"href":"https:\/\/vitaflos.hr\/en\/wp-json\/wp\/v2\/types\/page"}],"author":[{"embeddable":true,"href":"https:\/\/vitaflos.hr\/en\/wp-json\/wp\/v2\/users\/2"}],"replies":[{"embeddable":true,"href":"https:\/\/vitaflos.hr\/en\/wp-json\/wp\/v2\/comments?post=15"}],"version-history":[{"count":9,"href":"https:\/\/vitaflos.hr\/en\/wp-json\/wp\/v2\/pages\/15\/revisions"}],"predecessor-version":[{"id":2420,"href":"https:\/\/vitaflos.hr\/en\/wp-json\/wp\/v2\/pages\/15\/revisions\/2420"}],"wp:attachment":[{"href":"https:\/\/vitaflos.hr\/en\/wp-json\/wp\/v2\/media?parent=15"}],"curies":[{"name":"wp","href":"https:\/\/api.w.org\/{rel}","templated":true}]}}